{"id":1110,"date":"2025-01-07T16:08:35","date_gmt":"2025-01-07T14:08:35","guid":{"rendered":"https:\/\/page-project.eu\/home\/"},"modified":"2026-01-06T12:20:42","modified_gmt":"2026-01-06T10:20:42","slug":"home","status":"publish","type":"page","link":"https:\/\/page-project.eu\/sv\/","title":{"rendered":"Home"},"content":{"rendered":"<p>[et_pb_section fb_built=&#8221;1&#8243; module_class=&#8221;home-header&#8221; _builder_version=&#8221;4.27.2&#8243; _module_preset=&#8221;default&#8221; background_enable_color=&#8221;off&#8221; background_image=&#8221;https:\/\/page-project.eu\/wp-content\/uploads\/2025\/01\/landscape.jpg&#8221; overflow-x=&#8221;hidden&#8221; overflow-y=&#8221;hidden&#8221; global_colors_info=&#8221;{}&#8221;][et_pb_row column_structure=&#8221;1_2,1_2&#8243; use_custom_gutter=&#8221;on&#8221; gutter_width=&#8221;1&#8243; make_equal=&#8221;on&#8221; module_class=&#8221;home-header__row&#8221; _builder_version=&#8221;4.27.2&#8243; _module_preset=&#8221;default&#8221; max_width=&#8221;920px&#8221; min_height=&#8221;600px&#8221; overflow-x=&#8221;visible&#8221; overflow-y=&#8221;visible&#8221; custom_padding=&#8221;0px||0px||true|false&#8221; border_radii=&#8221;on|20px|20px|20px|20px&#8221; border_radii_tablet=&#8221;on|20px|20px|20px|20px&#8221; border_radii_last_edited=&#8221;off|desktop&#8221; box_shadow_style=&#8221;preset1&#8243; box_shadow_vertical=&#8221;0px&#8221; box_shadow_blur=&#8221;20px&#8221; box_shadow_color=&#8221;rgba(66,47,54,0.3)&#8221; global_colors_info=&#8221;{}&#8221; custom_css_before_last_edited=&#8221;off|desktop&#8221; custom_css_after_last_edited=&#8221;off|desktop&#8221; custom_css_main_element_last_edited=&#8221;off|desktop&#8221;][et_pb_column type=&#8221;1_2&#8243; module_class=&#8221;home-header__column&#8221; _builder_version=&#8221;4.27.2&#8243; _module_preset=&#8221;default&#8221; background_color=&#8221;#f9f9f9&#8243; custom_padding=&#8221;2.5%|3%|2.5%|4.5%|true|false&#8221; custom_padding_tablet=&#8221;10%|6%|10%|9%|true|false&#8221; custom_padding_phone=&#8221;10%|6%|10%|9%|true|false&#8221; custom_padding_last_edited=&#8221;on|tablet&#8221; border_radii=&#8221;off|20px|||20px&#8221; global_colors_info=&#8221;{}&#8221; custom_css_before_last_edited=&#8221;off|desktop&#8221; custom_css_after_last_edited=&#8221;off|desktop&#8221;][et_pb_text _builder_version=&#8221;4.27.4&#8243; _module_preset=&#8221;default&#8221; text_font_size=&#8221;3rem&#8221; text_line_height=&#8221;1.51em&#8221; custom_margin=&#8221;||||false|false&#8221; custom_padding=&#8221;||||false|false&#8221; global_colors_info=&#8221;{}&#8221;]<\/p>\n<p><strong>L\u00e4ttl\u00e4sta b\u00f6cker<\/strong><br \/>som \u00f6ppnar upp<br \/>v\u00e4rlden<\/p>\n<p>[\/et_pb_text][et_pb_image src=&#8221;https:\/\/page-project.eu\/wp-content\/uploads\/2025\/01\/girl-boy-window.png&#8221; title_text=&#8221;girl-boy-window&#8221; disabled_on=&#8221;off|off|on&#8221; module_class=&#8221;home-header__image&#8221; _builder_version=&#8221;4.27.2&#8243; _module_preset=&#8221;default&#8221; custom_margin=&#8221;10%||||false|false&#8221; custom_padding=&#8221;||||false|false&#8221; global_colors_info=&#8221;{}&#8221;][\/et_pb_image][\/et_pb_column][et_pb_column type=&#8221;1_2&#8243; module_class=&#8221;home-header__column&#8221; _builder_version=&#8221;4.27.2&#8243; _module_preset=&#8221;default&#8221; background_color=&#8221;#f9f9f9&#8243; z_index=&#8221;0&#8243; custom_padding=&#8221;2.5%|4.5%|2.5%|3%|true|false&#8221; border_radii=&#8221;off||20px|20px|&#8221; global_colors_info=&#8221;{}&#8221; custom_css_main_element_last_edited=&#8221;off|desktop&#8221;][et_pb_image src=&#8221;https:\/\/page-project.eu\/wp-content\/uploads\/2025\/01\/girl-boy-window.png&#8221; title_text=&#8221;girl-boy-window&#8221; disabled_on=&#8221;on|on|off&#8221; module_class=&#8221;home-header__image&#8221; _builder_version=&#8221;4.27.2&#8243; _module_preset=&#8221;default&#8221; custom_margin=&#8221;18%||||false|false&#8221; custom_padding=&#8221;||||false|false&#8221; global_colors_info=&#8221;{}&#8221;][\/et_pb_image][\/et_pb_column][\/et_pb_row][\/et_pb_section][et_pb_section fb_built=&#8221;1&#8243; _builder_version=&#8221;4.27.4&#8243; _module_preset=&#8221;default&#8221; background_color=&#8221;#FFB4FA&#8221; global_colors_info=&#8221;{}&#8221;][et_pb_row column_structure=&#8221;2_5,3_5&#8243; _builder_version=&#8221;4.27.4&#8243; _module_preset=&#8221;default&#8221; global_colors_info=&#8221;{}&#8221;][et_pb_column type=&#8221;2_5&#8243; _builder_version=&#8221;4.27.4&#8243; _module_preset=&#8221;default&#8221; global_colors_info=&#8221;{}&#8221;][et_pb_text _builder_version=&#8221;4.27.4&#8243; _module_preset=&#8221;default&#8221; global_colors_info=&#8221;{}&#8221;]<\/p>\n<h2>Europeisk uppmaning att skicka in ber\u00e4ttelser p\u00e5 l\u00e4ttf\u00f6rst\u00e5eligt spr\u00e5k<\/h2>\n<p>[\/et_pb_text][\/et_pb_column][et_pb_column type=&#8221;3_5&#8243; _builder_version=&#8221;4.27.4&#8243; _module_preset=&#8221;default&#8221; global_colors_info=&#8221;{}&#8221;][et_pb_text _builder_version=&#8221;4.27.4&#8243; _module_preset=&#8221;default&#8221; global_colors_info=&#8221;{}&#8221;]<\/p>\n<p>Godk\u00e4nda spr\u00e5k:<br \/>Italienska, franska, portugisiska, kroatiska, slovenska<\/p>\n<p>Ans\u00f6kningsperioden \u00e4r \u00f6ppen fr\u00e5n 1 december 2025 till 31 maj 2026.<\/p>\n<p>[\/et_pb_text][et_pb_button button_url=&#8221;@ET-DC@eyJkeW5hbWljIjp0cnVlLCJjb250ZW50IjoicG9zdF9saW5rX3VybF9wYWdlIiwic2V0dGluZ3MiOnsicG9zdF9pZCI6IjEwMDUifX0=@&#8221; button_text=&#8221;Ans\u00f6k&#8221; _builder_version=&#8221;4.27.4&#8243; _dynamic_attributes=&#8221;button_url&#8221; _module_preset=&#8221;default&#8221; button_text_color=&#8221;#27373C&#8221; button_bg_color=&#8221;#FFFFE0&#8243; hover_enabled=&#8221;0&#8243; global_colors_info=&#8221;{}&#8221; button_text_color__hover_enabled=&#8221;on|hover&#8221; sticky_enabled=&#8221;0&#8243; button_text_color__hover=&#8221;#FFFFFF&#8221;][\/et_pb_button][\/et_pb_column][\/et_pb_row][\/et_pb_section][et_pb_section fb_built=&#8221;1&#8243; _builder_version=&#8221;4.27.2&#8243; _module_preset=&#8221;default&#8221; background_color=&#8221;#FFFFE0&#8243; global_colors_info=&#8221;{}&#8221;][et_pb_row column_structure=&#8221;2_5,3_5&#8243; _builder_version=&#8221;4.27.2&#8243; _module_preset=&#8221;default&#8221; max_width=&#8221;1044px&#8221; global_colors_info=&#8221;{}&#8221;][et_pb_column type=&#8221;2_5&#8243; _builder_version=&#8221;4.27.2&#8243; _module_preset=&#8221;default&#8221; global_colors_info=&#8221;{}&#8221;][et_pb_text _builder_version=&#8221;4.27.4&#8243; _module_preset=&#8221;c624038c-0f2d-4250-a614-83fa80166ff0&#8243; global_colors_info=&#8221;{}&#8221;]<\/p>\n<h2>Hur kan tillg\u00e4ngliga, l\u00e4ttl\u00e4sta b\u00f6cker f\u00f6r\u00e4ndra liv?<\/h2>\n<p>[\/et_pb_text][\/et_pb_column][et_pb_column type=&#8221;3_5&#8243; _builder_version=&#8221;4.27.2&#8243; _module_preset=&#8221;default&#8221; global_colors_info=&#8221;{}&#8221;][et_pb_text _builder_version=&#8221;4.27.2&#8243; _module_preset=&#8221;default&#8221; global_colors_info=&#8221;{}&#8221;]<\/p>\n<p>Vi anser att alla har r\u00e4tt att njuta av b\u00f6cker och delta i kulturlivet.<\/p>\n<p>PAGE hj\u00e4lper unga vuxna med:<\/p>\n<ul>\n<li>Intellektuella eller utvecklingsm\u00e4ssiga funktionsneds\u00e4ttningar<\/li>\n<li>Inl\u00e4rningssv\u00e5righeter eller f\u00e4rre m\u00f6jligheter<\/li>\n<\/ul>\n<p>Genom att erbjuda verktyg och aktiviteter som \u00e4r skr\u00e4ddarsydda f\u00f6r IDD-l\u00e4sare kopplar PAGE samman m\u00e4nniskor med kultur och kreativitet.<\/p>\n<p>[\/et_pb_text][\/et_pb_column][\/et_pb_row][\/et_pb_section][et_pb_section fb_built=&#8221;1&#8243; _builder_version=&#8221;4.27.2&#8243; _module_preset=&#8221;default&#8221; custom_padding=&#8221;||||false|false&#8221; global_colors_info=&#8221;{}&#8221;][et_pb_row _builder_version=&#8221;4.27.4&#8243; _module_preset=&#8221;default&#8221; max_width=&#8221;1256px&#8221; global_colors_info=&#8221;{}&#8221;][et_pb_column type=&#8221;4_4&#8243; _builder_version=&#8221;4.27.4&#8243; _module_preset=&#8221;default&#8221; global_colors_info=&#8221;{}&#8221;][et_pb_text _builder_version=&#8221;4.27.4&#8243; _module_preset=&#8221;default&#8221; text_orientation=&#8221;center&#8221; global_colors_info=&#8221;{}&#8221;]<\/p>\n<h2>Senaste artiklar<\/h2>\n<p>[\/et_pb_text][et_pb_code _builder_version=&#8221;4.27.4&#8243; _module_preset=&#8221;default&#8221; global_colors_info=&#8221;{}&#8221;]<!-- Gridbuilder \u1d42\u1d3e Plugin (https:\/\/wpgridbuilder.com) -->\n<div class=\"wp-grid-builder wpgb-grid-1\" data-options=\"{&quot;id&quot;:1,&quot;type&quot;:&quot;masonry&quot;,&quot;source&quot;:&quot;post_type&quot;,&quot;loader&quot;:false,&quot;layout&quot;:&quot;vertical&quot;,&quot;reveal&quot;:0,&quot;isMainQuery&quot;:0,&quot;lazyLoad&quot;:false,&quot;cardSizes&quot;:{&quot;9999&quot;:{&quot;columns&quot;:3,&quot;height&quot;:240,&quot;gutter&quot;:16,&quot;ratio&quot;:&quot;1.33333&quot;},&quot;1280&quot;:{&quot;columns&quot;:3,&quot;height&quot;:220,&quot;gutter&quot;:16,&quot;ratio&quot;:&quot;1.33333&quot;},&quot;1024&quot;:{&quot;columns&quot;:2,&quot;height&quot;:200,&quot;gutter&quot;:16,&quot;ratio&quot;:&quot;1.33333&quot;},&quot;640&quot;:{&quot;columns&quot;:1,&quot;height&quot;:200,&quot;gutter&quot;:16,&quot;ratio&quot;:&quot;1.33333&quot;}},&quot;fitRows&quot;:false,&quot;equalRows&quot;:0,&quot;equalColumns&quot;:true,&quot;fillLastRow&quot;:0,&quot;centerLastRow&quot;:0,&quot;horizontalOrder&quot;:false,&quot;fullWidth&quot;:false,&quot;transitionDelay&quot;:100,&quot;gallerySlideshow&quot;:false,&quot;rowsNumber&quot;:1,&quot;slideAlign&quot;:&quot;left&quot;,&quot;groupCells&quot;:1,&quot;draggable&quot;:true,&quot;initialIndex&quot;:0,&quot;contain&quot;:false,&quot;freeScroll&quot;:false,&quot;freeFriction&quot;:&quot;0.075&quot;,&quot;friction&quot;:&quot;0.285&quot;,&quot;attraction&quot;:&quot;0.025&quot;,&quot;autoPlay&quot;:0,&quot;pageDotAriaLabel&quot;:&quot;Page dot %d&quot;,&quot;isPreview&quot;:false,&quot;isGutenberg&quot;:false,&quot;rightToLeft&quot;:false}\"><div class=\"wpgb-svg-icons\" hidden>\n\t<svg viewBox=\"0 0 120 24\" width=\"0\" height=\"0\">\n\t<defs>\n        <polygon id=\"wpgb-star-svg\" points=\"12 2.5 15.1 8.8 22 9.8 17 14.6 18.2 21.5 12 18.3 5.8 21.5 7 14.6 2 9.8 8.9 8.8\"><\/polygon>\n    <\/defs>\n    <symbol id=\"wpgb-rating-stars-svg\">\n        <use xlink:href=\"#wpgb-star-svg\"><\/use>\n        <use xlink:href=\"#wpgb-star-svg\" x=\"24\"><\/use>\n        <use xlink:href=\"#wpgb-star-svg\" x=\"48\"><\/use>\n        <use xlink:href=\"#wpgb-star-svg\" x=\"72\"><\/use>\n        <use xlink:href=\"#wpgb-star-svg\" x=\"96\"><\/use>\n    <\/symbol>\n<\/svg>\n<\/div>\n<div class=\"wpgb-wrapper\">\n\t<div class=\"wpgb-main\">\n\t<div class=\"wpgb-layout\">\n\t<div class=\"wpgb-viewport\">\n\t\t<div class=\"wpgb-masonry\">\n\t\t\t<article class=\"wpgb-card wpgb-card-1 wpgb-post-1441\" data-col=\"1\" data-row=\"1\" data-format=\"standard\"><div class=\"wpgb-card-wrapper\"><div class=\"wpgb-card-inner\" data-action><div class=\"wpgb-card-media wpgb-scheme-light\"><svg data-ratio style=\"padding-top:40%\" viewBox=\"0 0 5 2\" aria-hidden=\"true\"><\/svg><div class=\"wpgb-card-media-thumbnail\"><a href=\"https:\/\/page-project.eu\/wp-content\/uploads\/2026\/03\/image.jpg\" tabindex=\"-1\" class=\"wpgb-handle-lb wpgb-lightbox\" data-type=\"image\" data-rel=\"1\" data-title=\"image\" title=\"Enlarge photo\"><div style=\"background-image:url(https:\/\/page-project.eu\/wp-content\/uploads\/2026\/03\/image-768x431.jpg)\"><\/div><noscript><img loading=\"lazy\" decoding=\"async\" class=\"wpgb-noscript-img\" src=\"https:\/\/page-project.eu\/wp-content\/uploads\/2026\/03\/image-768x431.jpg\" alt=\"\" height=\"431\" width=\"768\"><\/noscript><\/a><\/div><\/div><div class=\"wpgb-card-content wpgb-scheme-dark\"><div class=\"wpgb-card-body\"><time class=\"wpgb-block-2\" datetime=\"2026-03-25T14:22:16+02:00\">25\/03\/2026<\/time><h3 class=\"wpgb-block-1\">The Architecture of Patience: Designing a Digital Space for Everyone<\/h3><div class=\"wpgb-block-3\">L\u00e4s mer<\/div><\/div><\/div><a class=\"wpgb-card-layer-link\" aria-label=\"The Architecture of Patience: Designing a Digital Space for Everyone\" href=\"https:\/\/page-project.eu\/sv\/2026\/03\/the-architecture-of-patience-designing-a-digital-space-for-everyone\/\"><\/a><\/div><\/div><\/article><article class=\"wpgb-card wpgb-card-1 wpgb-post-1382\" data-col=\"1\" data-row=\"1\" data-format=\"standard\"><div class=\"wpgb-card-wrapper\"><div class=\"wpgb-card-inner\" data-action><div class=\"wpgb-card-media wpgb-scheme-light\"><svg data-ratio style=\"padding-top:40%\" viewBox=\"0 0 5 2\" aria-hidden=\"true\"><\/svg><div class=\"wpgb-card-media-thumbnail\"><a href=\"https:\/\/page-project.eu\/wp-content\/uploads\/2026\/01\/Page_IMG.png\" tabindex=\"-1\" class=\"wpgb-handle-lb wpgb-lightbox\" data-type=\"image\" data-rel=\"1\" data-title=\"Page_IMG\" title=\"Enlarge photo\"><div style=\"background-image:url(https:\/\/page-project.eu\/wp-content\/uploads\/2026\/01\/Page_IMG-768x432.png)\"><\/div><noscript><img loading=\"lazy\" decoding=\"async\" class=\"wpgb-noscript-img\" src=\"https:\/\/page-project.eu\/wp-content\/uploads\/2026\/01\/Page_IMG-768x432.png\" alt=\"\" height=\"432\" width=\"768\"><\/noscript><\/a><\/div><\/div><div class=\"wpgb-card-content wpgb-scheme-dark\"><div class=\"wpgb-card-body\"><time class=\"wpgb-block-2\" datetime=\"2026-01-07T14:50:18+02:00\">07\/01\/2026<\/time><h3 class=\"wpgb-block-1\">From Technology to Inclusion: How Digital Tools Make Reading Accessible to Everyone<\/h3><div class=\"wpgb-block-3\">L\u00e4s mer<\/div><\/div><\/div><a class=\"wpgb-card-layer-link\" aria-label=\"From Technology to Inclusion: How Digital Tools Make Reading Accessible to Everyone\" href=\"https:\/\/page-project.eu\/sv\/2026\/01\/from-technology-to-inclusion-how-digital-tools-make-reading-accessible-to-everyone\/\"><\/a><\/div><\/div><\/article><article class=\"wpgb-card wpgb-card-1 wpgb-post-989\" data-col=\"1\" data-row=\"1\" data-format=\"standard\"><div class=\"wpgb-card-wrapper\"><div class=\"wpgb-card-inner\" data-action><div class=\"wpgb-card-media wpgb-scheme-light\"><svg data-ratio style=\"padding-top:40%\" viewBox=\"0 0 5 2\" aria-hidden=\"true\"><\/svg><div class=\"wpgb-card-media-thumbnail\"><a href=\"https:\/\/page-project.eu\/wp-content\/uploads\/2025\/10\/aksinja-kermauner-knjiznica-brezice-4.jpg\" tabindex=\"-1\" class=\"wpgb-handle-lb wpgb-lightbox\" data-type=\"image\" data-rel=\"1\" data-title=\"aksinja-kermauner-knjiznica-brezice-4\" title=\"Enlarge photo\"><div style=\"background-image:url(https:\/\/page-project.eu\/wp-content\/uploads\/2025\/10\/aksinja-kermauner-knjiznica-brezice-4-768x512.jpg)\"><\/div><noscript><img loading=\"lazy\" decoding=\"async\" class=\"wpgb-noscript-img\" src=\"https:\/\/page-project.eu\/wp-content\/uploads\/2025\/10\/aksinja-kermauner-knjiznica-brezice-4-768x512.jpg\" alt=\"\" height=\"512\" width=\"768\"><\/noscript><\/a><\/div><\/div><div class=\"wpgb-card-content wpgb-scheme-dark\"><div class=\"wpgb-card-body\"><time class=\"wpgb-block-2\" datetime=\"2025-10-30T12:09:45+02:00\">30\/10\/2025<\/time><h3 class=\"wpgb-block-1\">Easy Language, great stories: How are original novels in Easy Language created in Slovenia?<\/h3><div class=\"wpgb-block-3\">L\u00e4s mer<\/div><\/div><\/div><a class=\"wpgb-card-layer-link\" aria-label=\"Easy Language, great stories: How are original novels in Easy Language created in Slovenia?\" href=\"https:\/\/page-project.eu\/sv\/2025\/10\/easy-language-great-stories-how-are-original-novels-in-easy-language-created-in-slovenia\/\"><\/a><\/div><\/div><\/article>\t\t<\/div>\n\t<\/div>\n\t<\/div>\n\t<\/div>\n\t\t<\/div>\n<\/div>\n[\/et_pb_code][\/et_pb_column][\/et_pb_row][et_pb_row _builder_version=&#8221;4.27.2&#8243; _module_preset=&#8221;default&#8221; max_width=&#8221;1256px&#8221; global_colors_info=&#8221;{}&#8221;][et_pb_column type=&#8221;4_4&#8243; _builder_version=&#8221;4.27.2&#8243; _module_preset=&#8221;default&#8221; global_colors_info=&#8221;{}&#8221;][et_pb_text _builder_version=&#8221;4.27.2&#8243; _module_preset=&#8221;default&#8221; text_orientation=&#8221;center&#8221; global_colors_info=&#8221;{}&#8221;]<\/p>\n<h2>Partners<\/h2>\n<p>[\/et_pb_text][\/et_pb_column][\/et_pb_row][et_pb_row module_class=&#8221;home-partners__logos&#8221; _builder_version=&#8221;4.27.2&#8243; _module_preset=&#8221;default&#8221; max_width=&#8221;1256px&#8221; custom_margin=&#8221;||50px||false|false&#8221; global_colors_info=&#8221;{}&#8221;][et_pb_column type=&#8221;4_4&#8243; _builder_version=&#8221;4.27.2&#8243; _module_preset=&#8221;default&#8221; global_colors_info=&#8221;{}&#8221;][et_pb_image src=&#8221;https:\/\/page-project.eu\/wp-content\/uploads\/2025\/01\/controvento.png&#8221; alt=&#8221;Controvento&#8221; title_text=&#8221;controvento&#8221; url=&#8221;https:\/\/www.controventocatania.it\/&#8221; url_new_window=&#8221;on&#8221; _builder_version=&#8221;4.27.2&#8243; _module_preset=&#8221;e8f06107-a9a0-47cb-a727-549b708efe90&#8243; max_width=&#8221;120px&#8221; max_height=&#8221;60px&#8221; global_colors_info=&#8221;{}&#8221;][\/et_pb_image][et_pb_image src=&#8221;https:\/\/page-project.eu\/wp-content\/uploads\/2025\/01\/trinta.png&#8221; alt=&#8221;Trinta por uma linha&#8221; title_text=&#8221;trinta&#8221; url=&#8221;https:\/\/www.trintaporumalinha.com\/&#8221; url_new_window=&#8221;on&#8221; _builder_version=&#8221;4.27.2&#8243; _module_preset=&#8221;e8f06107-a9a0-47cb-a727-549b708efe90&#8243; global_colors_info=&#8221;{}&#8221;][\/et_pb_image][et_pb_image src=&#8221;https:\/\/page-project.eu\/wp-content\/uploads\/2025\/01\/risa.png&#8221; alt=&#8221;RISA&#8221; title_text=&#8221;risa&#8221; url=&#8221;https:\/\/risa.si\/&#8221; url_new_window=&#8221;on&#8221; _builder_version=&#8221;4.27.2&#8243; _module_preset=&#8221;e8f06107-a9a0-47cb-a727-549b708efe90&#8243; global_colors_info=&#8221;{}&#8221;][\/et_pb_image][et_pb_image src=&#8221;https:\/\/page-project.eu\/wp-content\/uploads\/2025\/07\/yelo.png&#8221; alt=&#8221;Yelo&#8221; title_text=&#8221;yelo&#8221; url=&#8221;https:\/\/yelo.hr\/&#8221; url_new_window=&#8221;on&#8221; _builder_version=&#8221;4.27.4&#8243; _module_preset=&#8221;e8f06107-a9a0-47cb-a727-549b708efe90&#8243; global_colors_info=&#8221;{}&#8221;][\/et_pb_image][et_pb_image src=&#8221;https:\/\/page-project.eu\/wp-content\/uploads\/2025\/01\/boarve-konsult-ab.png&#8221; alt=&#8221;Boarve Konsult AB&#8221; title_text=&#8221;boarve-konsult-ab&#8221; url=&#8221;https:\/\/boarve.se&#8221; url_new_window=&#8221;on&#8221; _builder_version=&#8221;4.27.2&#8243; _module_preset=&#8221;e8f06107-a9a0-47cb-a727-549b708efe90&#8243; global_colors_info=&#8221;{}&#8221;][\/et_pb_image][et_pb_image src=&#8221;https:\/\/page-project.eu\/wp-content\/uploads\/2025\/01\/logopsycom.png&#8221; alt=&#8221;Logopsycom&#8221; title_text=&#8221;logopsycom&#8221; url=&#8221;https:\/\/logopsycom.com\/&#8221; url_new_window=&#8221;on&#8221; _builder_version=&#8221;4.27.2&#8243; _module_preset=&#8221;e8f06107-a9a0-47cb-a727-549b708efe90&#8243; global_colors_info=&#8221;{}&#8221;][\/et_pb_image][et_pb_image src=&#8221;https:\/\/page-project.eu\/wp-content\/uploads\/2025\/01\/lesapprimeurs.png&#8221; alt=&#8221;Les Apprimeurs&#8221; title_text=&#8221;lesapprimeurs&#8221; url=&#8221;https:\/\/lesapprimeurs.com\/&#8221; url_new_window=&#8221;on&#8221; show_bottom_space_tablet=&#8221;off&#8221; show_bottom_space_phone=&#8221;off&#8221; show_bottom_space_last_edited=&#8221;on|desktop&#8221; _builder_version=&#8221;4.27.2&#8243; _module_preset=&#8221;e8f06107-a9a0-47cb-a727-549b708efe90&#8243; global_colors_info=&#8221;{}&#8221;][\/et_pb_image][\/et_pb_column][\/et_pb_row][\/et_pb_section]<\/p>\n","protected":false},"excerpt":{"rendered":"<p>[et_pb_section fb_built=&#8221;1&#8243; module_class=&#8221;home-header&#8221; _builder_version=&#8221;4.27.2&#8243; _module_preset=&#8221;default&#8221; background_enable_color=&#8221;off&#8221; background_image=&#8221;https:\/\/page-project.eu\/wp-content\/uploads\/2025\/01\/landscape.jpg&#8221; overflow-x=&#8221;hidden&#8221; overflow-y=&#8221;hidden&#8221; global_colors_info=&#8221;{}&#8221;][et_pb_row column_structure=&#8221;1_2,1_2&#8243; use_custom_gutter=&#8221;on&#8221; gutter_width=&#8221;1&#8243; make_equal=&#8221;on&#8221; module_class=&#8221;home-header__row&#8221; _builder_version=&#8221;4.27.2&#8243; _module_preset=&#8221;default&#8221; max_width=&#8221;920px&#8221; min_height=&#8221;600px&#8221; overflow-x=&#8221;visible&#8221; overflow-y=&#8221;visible&#8221; custom_padding=&#8221;0px||0px||true|false&#8221; border_radii=&#8221;on|20px|20px|20px|20px&#8221; border_radii_tablet=&#8221;on|20px|20px|20px|20px&#8221; border_radii_last_edited=&#8221;off|desktop&#8221; box_shadow_style=&#8221;preset1&#8243; box_shadow_vertical=&#8221;0px&#8221; box_shadow_blur=&#8221;20px&#8221; box_shadow_color=&#8221;rgba(66,47,54,0.3)&#8221; global_colors_info=&#8221;{}&#8221; custom_css_before_last_edited=&#8221;off|desktop&#8221; custom_css_after_last_edited=&#8221;off|desktop&#8221; custom_css_main_element_last_edited=&#8221;off|desktop&#8221;][et_pb_column type=&#8221;1_2&#8243; module_class=&#8221;home-header__column&#8221; _builder_version=&#8221;4.27.2&#8243; _module_preset=&#8221;default&#8221; background_color=&#8221;#f9f9f9&#8243; custom_padding=&#8221;2.5%|3%|2.5%|4.5%|true|false&#8221; custom_padding_tablet=&#8221;10%|6%|10%|9%|true|false&#8221; custom_padding_phone=&#8221;10%|6%|10%|9%|true|false&#8221; custom_padding_last_edited=&#8221;on|tablet&#8221; border_radii=&#8221;off|20px|||20px&#8221; global_colors_info=&#8221;{}&#8221; custom_css_before_last_edited=&#8221;off|desktop&#8221; custom_css_after_last_edited=&#8221;off|desktop&#8221;][et_pb_text _builder_version=&#8221;4.27.4&#8243; _module_preset=&#8221;default&#8221; text_font_size=&#8221;3rem&#8221; text_line_height=&#8221;1.51em&#8221; custom_margin=&#8221;||||false|false&#8221; custom_padding=&#8221;||||false|false&#8221; global_colors_info=&#8221;{}&#8221;] L\u00e4ttl\u00e4sta b\u00f6ckersom [&hellip;]<\/p>\n","protected":false},"author":1,"featured_media":0,"parent":0,"menu_order":0,"comment_status":"closed","ping_status":"closed","template":"","meta":{"_et_pb_use_builder":"on","_et_pb_old_content":"","_et_gb_content_width":"","footnotes":""},"class_list":["post-1110","page","type-page","status-publish","hentry"],"_links":{"self":[{"href":"https:\/\/page-project.eu\/sv\/wp-json\/wp\/v2\/pages\/1110","targetHints":{"allow":["GET"]}}],"collection":[{"href":"https:\/\/page-project.eu\/sv\/wp-json\/wp\/v2\/pages"}],"about":[{"href":"https:\/\/page-project.eu\/sv\/wp-json\/wp\/v2\/types\/page"}],"author":[{"embeddable":true,"href":"https:\/\/page-project.eu\/sv\/wp-json\/wp\/v2\/users\/1"}],"replies":[{"embeddable":true,"href":"https:\/\/page-project.eu\/sv\/wp-json\/wp\/v2\/comments?post=1110"}],"version-history":[{"count":14,"href":"https:\/\/page-project.eu\/sv\/wp-json\/wp\/v2\/pages\/1110\/revisions"}],"predecessor-version":[{"id":1350,"href":"https:\/\/page-project.eu\/sv\/wp-json\/wp\/v2\/pages\/1110\/revisions\/1350"}],"wp:attachment":[{"href":"https:\/\/page-project.eu\/sv\/wp-json\/wp\/v2\/media?parent=1110"}],"curies":[{"name":"wp","href":"https:\/\/api.w.org\/{rel}","templated":true}]}}