{"id":787,"date":"2025-01-13T10:48:02","date_gmt":"2025-01-13T08:48:02","guid":{"rendered":"https:\/\/page-project.eu\/i-partner\/"},"modified":"2025-07-16T10:51:28","modified_gmt":"2025-07-16T08:51:28","slug":"i-partner","status":"publish","type":"page","link":"https:\/\/page-project.eu\/it\/i-partner\/","title":{"rendered":"I partner"},"content":{"rendered":"<p>[et_pb_section fb_built=&#8221;1&#8243; _builder_version=&#8221;4.27.4&#8243; _module_preset=&#8221;default&#8221; global_colors_info=&#8221;{}&#8221;][et_pb_row _builder_version=&#8221;4.27.4&#8243; _module_preset=&#8221;default&#8221; global_colors_info=&#8221;{}&#8221;][et_pb_column type=&#8221;4_4&#8243; _builder_version=&#8221;4.27.4&#8243; _module_preset=&#8221;default&#8221; global_colors_info=&#8221;{}&#8221;][et_pb_post_title _builder_version=&#8221;4.27.4&#8243; _module_preset=&#8221;default&#8221; global_colors_info=&#8221;{}&#8221;][\/et_pb_post_title][\/et_pb_column][\/et_pb_row][et_pb_row column_structure=&#8221;1_4,3_4&#8243; make_equal=&#8221;on&#8221; _builder_version=&#8221;4.27.4&#8243; _module_preset=&#8221;default&#8221; global_colors_info=&#8221;{}&#8221;][et_pb_column type=&#8221;1_4&#8243; _builder_version=&#8221;4.27.4&#8243; _module_preset=&#8221;default&#8221; global_colors_info=&#8221;{}&#8221;][et_pb_image src=&#8221;https:\/\/page-project.eu\/wp-content\/uploads\/2025\/01\/controvento.png&#8221; alt=&#8221;Controvento&#8221; title_text=&#8221;controvento&#8221; _builder_version=&#8221;4.27.4&#8243; _module_preset=&#8221;9a5a73aa-b0ad-4a63-a249-142865181ced&#8221; global_colors_info=&#8221;{}&#8221;][\/et_pb_image][\/et_pb_column][et_pb_column type=&#8221;3_4&#8243; _builder_version=&#8221;4.27.4&#8243; _module_preset=&#8221;default&#8221; global_colors_info=&#8221;{}&#8221;][et_pb_text _builder_version=&#8221;4.27.4&#8243; _module_preset=&#8221;default&#8221; text_font_size=&#8221;1rem&#8221; text_line_height=&#8221;1.51em&#8221; global_colors_info=&#8221;{}&#8221;]<\/p>\n<h2>Controvento<\/h2>\n<p><strong>Italia<\/strong><\/p>\n<p>La Cooperativa Sociale Controvento Onlus nasce nel 2015 dal desiderio e dall\u2019impegno dei soci professionisti di voler spendere le proprie competenze nell\u2019ambito socio-psico-pedagogico e di creare servizi di cui il territorio di Catania mostrava profonde carenze. Ci impegniamo per migliorare la qualit\u00e0 della vita delle persone. Grazie ad un\u2019equipe di professionisti ci prendiamo cura del tuo progetto di vita promuovendo cooperazione, socialit\u00e0 e nuove opportunit\u00e0.  <\/p>\n<p>I nostri servizi:<\/p>\n<ol>\n<li>Accademia dell\u2019Autonomia, nasce come risposta al bisogno di promuovere la vita autonoma ed indipendente delle persone con disabilit\u00e0. L\u2019accademia prevede all\u2019interno della stesso diversi corsi mirati all\u2019acquisizione e al potenziamento delle Autonomie. Sono distinti vari corsi per fasce di et\u00e0, grado di autonomia posseduta e tipologia di disabilit\u00e0, in modo da favorire la crescita armonica dell\u2019individuo preso in carico.  <\/li>\n<li>Benessere psicologico, si propone come un aiuto per poter contribuire al benessere psicofisico del territorio di Catania e di tutte quelle persone che si ritrovano a vivere un disagio seppure non di natura psichiatrica.<\/li>\n<li>Formazione, il nostro team propone numerosi corsi che includono svariate aree di competenza per garantire una crescita costante. Tutti i corsi saranno effettuati con un approccio attivo e partecipativo, in cui il vero protagonista della formazione \u00e8 la persona stessa. Il nostro obiettivo \u00e8 quello di creare per ciascuno un percorso ad hoc che possa produrre un cambiamento di valore, trasformando le conoscenze in apprendimenti stabili a disposizione della risorsa.  <\/li>\n<li>Day By Day, Laboratori Mattutini<\/li>\n<li>Partenariati Europei, il programma Erasmus+ si propone di contribuire alla strategia Europa 2020 per la crescita, l&#8217;occupazione, l&#8217;equit\u00e0 sociale e l&#8217;integrazione, nonch\u00e9 ai traguardi di ET2020, il quadro strategico dell&#8217;UE per l&#8217;istruzione e la formazione.<br \/>Il programma intende inoltre promuovere lo sviluppo sostenibile dei suoi partner nel campo dell&#8217;istruzione superiore e contribuire al conseguimento degli obiettivi della strategia dell&#8217;UE per la giovent\u00f9.<br \/>La nostra cooperativa partecipa alla programmazione Erasmus+ attraverso alcuni progetti attivati grazie al fondo.<\/li>\n<\/ol>\n<p>[\/et_pb_text][et_pb_button button_url=&#8221;https:\/\/www.controventocatania.it\/&#8221; url_new_window=&#8221;on&#8221; button_text=&#8221;Sito web&#8221; _builder_version=&#8221;4.27.4&#8243; _module_preset=&#8221;1b5c237a-e148-41b3-8b88-e57c146297ca&#8221; global_colors_info=&#8221;{}&#8221;][\/et_pb_button][\/et_pb_column][\/et_pb_row][et_pb_row column_structure=&#8221;1_4,3_4&#8243; make_equal=&#8221;on&#8221; _builder_version=&#8221;4.27.4&#8243; _module_preset=&#8221;default&#8221; global_colors_info=&#8221;{}&#8221;][et_pb_column type=&#8221;1_4&#8243; _builder_version=&#8221;4.27.4&#8243; _module_preset=&#8221;default&#8221; global_colors_info=&#8221;{}&#8221;][et_pb_image src=&#8221;https:\/\/page-project.eu\/wp-content\/uploads\/2025\/01\/lesapprimeurs.png&#8221; alt=&#8221;Les Apprimeurs&#8221; title_text=&#8221;lesapprimeurs&#8221; _builder_version=&#8221;4.27.4&#8243; _module_preset=&#8221;9a5a73aa-b0ad-4a63-a249-142865181ced&#8221; global_colors_info=&#8221;{}&#8221;][\/et_pb_image][\/et_pb_column][et_pb_column type=&#8221;3_4&#8243; _builder_version=&#8221;4.27.4&#8243; _module_preset=&#8221;default&#8221; global_colors_info=&#8221;{}&#8221;][et_pb_text _builder_version=&#8221;4.27.4&#8243; _module_preset=&#8221;default&#8221; text_font_size=&#8221;1rem&#8221; text_line_height=&#8221;1.51em&#8221; global_colors_info=&#8221;{}&#8221;]<\/p>\n<h2>Les Apprimeurs<\/h2>\n<p><strong>Francia<\/strong><\/p>\n<p>Les Apprimeurs, costituita nel 2013, \u00e8 un&#8217;azienda che nasce dal bagaglio di esperienze dei co-fondatori nel campo dell&#8217;editoria e dell&#8217;immagine, sia in formato cartaceo che digitale. La missione dell&#8217;azienda \u00e8 concepire soluzioni creative per facilitare l&#8217;accesso alla scrittura, alla cultura e all&#8217;istruzione. Operando in diversi settori, Les Apprimeurs si occupa di:  <\/p>\n<ol>\n<li>Editoria giovanile (cartacea e digitale): Con il marchio L&#8217;Apprimerie (lapprimerie.com), Les Apprimeurs pubblica circa 5 libri stampati all&#8217;anno per bambini di et\u00e0 compresa tra i 2 e i 10 anni, compresi vari formati come album, leporello, documentari, libri di attivit\u00e0 e fumetti.<\/li>\n<li>Servizi culturali ed educativi: L&#8217;azienda fornisce servizi grafici ed editoriali sia in ambito cartaceo che digitale, tra cui e-book, siti web, mostre virtuali, riviste, libri e materiali di comunicazione.<\/li>\n<li>Formazione: Les Apprimeurs si occupa di formazione iniziale (lauree e master) e professionale per professionisti nei settori della letteratura, della cultura, dell&#8217;immaginario, del design grafico e dei media digitali.<\/li>\n<li>Partenariati europei: Partecipando attivamente al programma Erasmus+, Les Apprimeurs collabora a progetti che mirano a sviluppare risorse e formazione per rendere l&#8217;istruzione e la cultura pi\u00f9 inclusive e accessibili. Dal 2013 l&#8217;azienda \u00e8 stata coinvolta in oltre quindici progetti Erasmus+. <\/li>\n<\/ol>\n<p>[\/et_pb_text][et_pb_button button_url=&#8221;https:\/\/lesapprimeurs.com\/&#8221; url_new_window=&#8221;on&#8221; button_text=&#8221;Sito web&#8221; _builder_version=&#8221;4.27.4&#8243; _module_preset=&#8221;default&#8221; global_colors_info=&#8221;{}&#8221;][\/et_pb_button][\/et_pb_column][\/et_pb_row][et_pb_row column_structure=&#8221;1_4,3_4&#8243; make_equal=&#8221;on&#8221; _builder_version=&#8221;4.27.4&#8243; _module_preset=&#8221;default&#8221; global_colors_info=&#8221;{}&#8221;][et_pb_column type=&#8221;1_4&#8243; _builder_version=&#8221;4.27.4&#8243; _module_preset=&#8221;default&#8221; global_colors_info=&#8221;{}&#8221;][et_pb_image src=&#8221;https:\/\/page-project.eu\/wp-content\/uploads\/2025\/01\/boarve-konsult-ab.png&#8221; alt=&#8221;Boarve Konsult AB&#8221; title_text=&#8221;boarve-konsult-ab&#8221; _builder_version=&#8221;4.27.4&#8243; _module_preset=&#8221;9a5a73aa-b0ad-4a63-a249-142865181ced&#8221; global_colors_info=&#8221;{}&#8221;][\/et_pb_image][\/et_pb_column][et_pb_column type=&#8221;3_4&#8243; _builder_version=&#8221;4.27.4&#8243; _module_preset=&#8221;default&#8221; global_colors_info=&#8221;{}&#8221;][et_pb_text _builder_version=&#8221;4.27.4&#8243; _module_preset=&#8221;default&#8221; text_font_size=&#8221;1rem&#8221; text_line_height=&#8221;1.51em&#8221; global_colors_info=&#8221;{}&#8221;]<\/p>\n<h2>Boarve konsult AB<\/h2>\n<p><strong>Svezia<\/strong><\/p>\n<p>Boarve konsult AB is a consultancy firm working with accessible information and communication, and everyone&#8217;s right to participate in society.<\/p>\n<p>Boarve konsult is owned and run by Ulla Bohman. She is known as a leading Easy Language Expert in Europe. She has more than 30 years of experience in the field of accessibility, intercultural communication and Human Rights. Ulla Bohman is often asked to give keynotes at international conferences on these topics.   <\/p>\n<p>Boarve adapts and produces information in Easy Language. Boarve also offers training and workshops in how to write or speak in Easy Language. Boarve gives many presentations about accessible information, Easy Language and Inclusion.  <\/p>\n<p>Boarve offers services in both Swedish and English and can take on assignments from all over the world.<\/p>\n<p>[\/et_pb_text][et_pb_button button_url=&#8221;https:\/\/boarve.se\/&#8221; url_new_window=&#8221;on&#8221; button_text=&#8221;Sito web&#8221; _builder_version=&#8221;4.27.4&#8243; _module_preset=&#8221;default&#8221; global_colors_info=&#8221;{}&#8221;][\/et_pb_button][\/et_pb_column][\/et_pb_row][et_pb_row column_structure=&#8221;1_4,3_4&#8243; make_equal=&#8221;on&#8221; _builder_version=&#8221;4.27.4&#8243; _module_preset=&#8221;default&#8221; global_colors_info=&#8221;{}&#8221;][et_pb_column type=&#8221;1_4&#8243; _builder_version=&#8221;4.27.4&#8243; _module_preset=&#8221;default&#8221; global_colors_info=&#8221;{}&#8221;][et_pb_image src=&#8221;https:\/\/page-project.eu\/wp-content\/uploads\/2025\/01\/logopsycom.png&#8221; alt=&#8221;Logopsycom&#8221; title_text=&#8221;logopsycom&#8221; _builder_version=&#8221;4.27.4&#8243; _module_preset=&#8221;9a5a73aa-b0ad-4a63-a249-142865181ced&#8221; global_colors_info=&#8221;{}&#8221;][\/et_pb_image][\/et_pb_column][et_pb_column type=&#8221;3_4&#8243; _builder_version=&#8221;4.27.4&#8243; _module_preset=&#8221;default&#8221; global_colors_info=&#8221;{}&#8221;][et_pb_text _builder_version=&#8221;4.27.4&#8243; _module_preset=&#8221;default&#8221; text_font_size=&#8221;1rem&#8221; text_line_height=&#8221;1.51em&#8221; global_colors_info=&#8221;{}&#8221;]<\/p>\n<h2>Logopsycom<\/h2>\n<p><strong>Belgio<\/strong><\/p>\n<p>Logopsycom \u00e8 un centro di innovazione educativa che sviluppa e utilizza metodi e strumenti alternativi (digitali e non) per supportare scuole, centri di formazione professionale, organizzazioni educative, giovani e famiglie. Nato inizialmente come centro specializzato nel supporto ai disturbi dell\u2019apprendimento, in particolare disprassia, disfasia, dislessia, ecc., noti anche come Disturbi Specifici dell\u2019Apprendimento (DSA), continua a lavorare con un\u2019attenzione costante all\u2019accessibilit\u00e0 dei contenuti. <\/p>\n<p>[\/et_pb_text][et_pb_button button_url=&#8221;https:\/\/logopsycom.com\/&#8221; url_new_window=&#8221;on&#8221; button_text=&#8221;Sito web&#8221; _builder_version=&#8221;4.27.4&#8243; _module_preset=&#8221;default&#8221; global_colors_info=&#8221;{}&#8221;][\/et_pb_button][\/et_pb_column][\/et_pb_row][et_pb_row column_structure=&#8221;1_4,3_4&#8243; make_equal=&#8221;on&#8221; _builder_version=&#8221;4.27.4&#8243; _module_preset=&#8221;default&#8221; global_colors_info=&#8221;{}&#8221;][et_pb_column type=&#8221;1_4&#8243; _builder_version=&#8221;4.27.4&#8243; _module_preset=&#8221;default&#8221; global_colors_info=&#8221;{}&#8221;][et_pb_image src=&#8221;https:\/\/page-project.eu\/wp-content\/uploads\/2025\/01\/risa.png&#8221; alt=&#8221;Zavod RISA&#8221; title_text=&#8221;Zavod RISA&#8221; _builder_version=&#8221;4.27.4&#8243; _module_preset=&#8221;9a5a73aa-b0ad-4a63-a249-142865181ced&#8221; max_width=&#8221;100px&#8221; global_colors_info=&#8221;{}&#8221;][\/et_pb_image][\/et_pb_column][et_pb_column type=&#8221;3_4&#8243; _builder_version=&#8221;4.27.4&#8243; _module_preset=&#8221;default&#8221; global_colors_info=&#8221;{}&#8221;][et_pb_text _builder_version=&#8221;4.27.4&#8243; _module_preset=&#8221;default&#8221; text_font_size=&#8221;1rem&#8221; text_line_height=&#8221;1.51em&#8221; global_colors_info=&#8221;{}&#8221;]<\/p>\n<h2>Zavod Risa<\/h2>\n<p><strong>Slovenia<\/strong><\/p>\n<p>Zavod Risa \u00e8 un&#8217;organizzazione non governativa attiva dal 2011 nei settori della cultura e del supporto sociale. Lavoriamo per garantire un accesso equo all\u2019informazione, per rafforzare l\u2019autonomia delle persone in situazioni di vulnerabilit\u00e0 e per promuovere i diritti umani. Siamo la prima organizzazione in Slovenia ad aver sviluppato e promosso l\u2019Easy Language. Portiamo avanti diversi programmi, tra cui l\u2019assistenza personale, l\u2019advocacy per la vita indipendente e il Centro per la Comunicazione e l\u2019Easy Language. Creiamo testi in Easy Language in Sloveno, pubblichiamo libri e un giornale online chiamato \u201c20 minuti\u201d. Organizziamo workshop su come usare l\u2019Easy Language. I volontari e gli auto-rappresentanti sono una parte fondamentale del nostro team: collaborano con noi nella realizzazione di progetti e programmi. Le nostre attivit\u00e0 sono rivolte a persone con disabilit\u00e0 intellettive e ad altre persone che necessitano di pari opportunit\u00e0, supporto nell\u2019alfabetizzazione e strumenti per una piena inclusione sociale. Il nostro obiettivo \u00e8 costruire una societ\u00e0 pi\u00f9 accessibile e inclusiva.<br \/>Collaboriamo con numerose organizzazioni e siamo attivi in diversi progetti Erasmus+, tra cui: EASIT: Easy Access for Social Inclusion Training; MyPart: Participatory Approaches in the Civic Education with and for People with Intellectual Disabilities; PERLSI: Project Promoting Easy-to-Read Language for Social Inclusion; Train2Validate: Professional training for easy-to-read facilitators and validators; Simpl4ALL; SELSI: Spoken Easy Language for Social Inclusion.     <\/p>\n<p>[\/et_pb_text][et_pb_button button_url=&#8221;https:\/\/risa.si\/&#8221; url_new_window=&#8221;on&#8221; button_text=&#8221;Sito web&#8221; _builder_version=&#8221;4.27.4&#8243; _module_preset=&#8221;default&#8221; global_colors_info=&#8221;{}&#8221;][\/et_pb_button][\/et_pb_column][\/et_pb_row][et_pb_row column_structure=&#8221;1_4,3_4&#8243; make_equal=&#8221;on&#8221; _builder_version=&#8221;4.27.4&#8243; _module_preset=&#8221;default&#8221; global_colors_info=&#8221;{}&#8221;][et_pb_column type=&#8221;1_4&#8243; _builder_version=&#8221;4.27.4&#8243; _module_preset=&#8221;default&#8221; global_colors_info=&#8221;{}&#8221;][et_pb_image src=&#8221;https:\/\/page-project.eu\/wp-content\/uploads\/2025\/07\/yelo.png&#8221; alt=&#8221;Yelo&#8221; title_text=&#8221;yelo&#8221; _builder_version=&#8221;4.27.4&#8243; _module_preset=&#8221;9a5a73aa-b0ad-4a63-a249-142865181ced&#8221; max_width=&#8221;100px&#8221; hover_enabled=&#8221;0&#8243; global_colors_info=&#8221;{}&#8221; sticky_enabled=&#8221;0&#8243;][\/et_pb_image][\/et_pb_column][et_pb_column type=&#8221;3_4&#8243; _builder_version=&#8221;4.27.4&#8243; _module_preset=&#8221;default&#8221; global_colors_info=&#8221;{}&#8221;][et_pb_text _builder_version=&#8221;4.27.4&#8243; _module_preset=&#8221;default&#8221; text_font_size=&#8221;1rem&#8221; text_line_height=&#8221;1.51em&#8221; global_colors_info=&#8221;{}&#8221;]<\/p>\n<h2>Yelo<\/h2>\n<p><strong>Croazia<\/strong><\/p>\n<p>YELO \u00e8 un&#8217;organizzazione artistica no-profit fondata nel 2016, incentrata su programmi interdisciplinari che uniscono contenuti multimediali, arte, letteratura, spettacolo e tecnologia, compresi la realt\u00e0 virtuale e i software sonori. In collaborazione con la Facolt\u00e0 di Ingegneria Elettrica e Informatica (FER) di Zagabria, YELO unisce arte e scienze tecniche per creare piattaforme innovative per la distribuzione di contenuti culturali. La missione di YELO \u00e8 connettere gli artisti con il pubblico attraverso i contenuti digitali, sostenendo le nuove tecnologie nell&#8217;industria culturale. L&#8217;organizzazione sviluppa applicazioni e filmati VR 360 per rendere accessibili i programmi culturali e favorire gli scambi sociali e il dialogo interculturale.<br \/>Oltre alle tecnologie educative, YELO crea installazioni artistiche interattive, spettacoli e progetti di sound art che coniugano narrazione, suono, movimento e ambientazioni digitali immersivi, offrendo al pubblico nuove modalit\u00e0 di coinvolgimento nell&#8217;arte. YELO ha sviluppato applicazioni per supportare i bambini con disturbo del neurosviluppo, offrendo contenuti letterari in audio per migliorare la lettura, la comprensione e le abilit\u00e0 linguistiche. La piattaforma include funzioni personalizzabili, esercitazioni di pronuncia, monitoraggio dei progressi e accesso offline, a sostegno dell&#8217;istruzione inclusiva. Questa iniziativa \u00e8 in linea con gli standard nazionali e internazionali, come il Piano nazionale per le pari opportunit\u00e0 delle persone con disabilit\u00e0 e la Strategia dell&#8217;UE sui diritti delle persone con disabilit\u00e0.      <\/p>\n<p>I programmi di YELO migliorano le competenze digitali e favoriscono l&#8217;inclusione, fornendo esperienze di apprendimento personalizzate e supportando insegnanti e professionisti con un monitoraggio dettagliato dei progressi. Attraverso i suoi diversi progetti artistici, YELO continua a innovare, assicurando che i programmi culturali siano accessibili e inclusivi per tutti. <\/p>\n<p>[\/et_pb_text][et_pb_button button_url=&#8221;https:\/\/yelo.hr\/&#8221; url_new_window=&#8221;on&#8221; button_text=&#8221;Sito web&#8221; _builder_version=&#8221;4.27.4&#8243; _module_preset=&#8221;default&#8221; global_colors_info=&#8221;{}&#8221;][\/et_pb_button][\/et_pb_column][\/et_pb_row][et_pb_row column_structure=&#8221;1_4,3_4&#8243; make_equal=&#8221;on&#8221; _builder_version=&#8221;4.27.4&#8243; _module_preset=&#8221;default&#8221; global_colors_info=&#8221;{}&#8221;][et_pb_column type=&#8221;1_4&#8243; _builder_version=&#8221;4.27.4&#8243; _module_preset=&#8221;default&#8221; global_colors_info=&#8221;{}&#8221;][et_pb_image src=&#8221;https:\/\/page-project.eu\/wp-content\/uploads\/2025\/01\/trinta.png&#8221; alt=&#8221;Trinta por uma linha&#8221; title_text=&#8221;trinta&#8221; _builder_version=&#8221;4.27.4&#8243; _module_preset=&#8221;9a5a73aa-b0ad-4a63-a249-142865181ced&#8221; global_colors_info=&#8221;{}&#8221;][\/et_pb_image][\/et_pb_column][et_pb_column type=&#8221;3_4&#8243; _builder_version=&#8221;4.27.4&#8243; _module_preset=&#8221;default&#8221; global_colors_info=&#8221;{}&#8221;][et_pb_text _builder_version=&#8221;4.27.4&#8243; _module_preset=&#8221;default&#8221; text_font_size=&#8221;1rem&#8221; text_line_height=&#8221;1.51em&#8221; global_colors_info=&#8221;{}&#8221;]<\/p>\n<h2>Trinta por uma linha<\/h2>\n<p><strong>Portogallo<\/strong><\/p>\n<p>Trinta-por-uma-linha \u00e8 un progetto editoriale nato nel dicembre 2007, rivolto principalmente alla letteratura per l\u2019infanzia e per ragazzi.<\/p>\n<p>Ci dedichiamo all\u2019editoria di progetti letterari di qualit\u00e0, a studi critici nell\u2019ambito della letteratura per bambini e ragazzi e a ricerche nel campo dell\u2019educazione, con l\u2019obiettivo di contribuire alla formazione letteraria (promuovendo il piacere della lettura), culturale (coniugando tradizione e innovazione) ed estetica (valorizzando emozione e fruizione) dei lettori, piccoli e grandi.<\/p>\n<p>Siamo impegnati in un\u2019editoria socialmente responsabile, promuovendo la produzione di contenuti che contrastino l\u2019analfabetismo in tutte le sue forme.<\/p>\n<p>In questi 18 anni di attivit\u00e0 editoriale, abbiamo pubblicato circa 300 titoli di letteratura per l\u2019infanzia e per ragazzi, tra poesia, prosa e opere didattiche.<\/p>\n<p>Dal 2019 pubblichiamo libri e organizziamo eventi legati alla scrittura creativa.<\/p>\n<p>Alcuni dei nostri titoli fanno parte del Piano Nazionale di Lettura del Portogallo.<\/p>\n<p>I nostri libri sono stati tradotti in castigliano (Spagna e Colombia), galiziano, italiano, sloveno e macedone.<\/p>\n<p>[\/et_pb_text][et_pb_button button_url=&#8221;https:\/\/www.trintaporumalinha.com\/&#8221; url_new_window=&#8221;on&#8221; button_text=&#8221;Sito web&#8221; _builder_version=&#8221;4.27.4&#8243; _module_preset=&#8221;default&#8221; global_colors_info=&#8221;{}&#8221;][\/et_pb_button][\/et_pb_column][\/et_pb_row][\/et_pb_section]<\/p>\n","protected":false},"excerpt":{"rendered":"<p>Controvento Italia La Cooperativa Sociale Controvento Onlus nasce nel 2015 dal desiderio e dall\u2019impegno dei soci professionisti di voler spendere le proprie competenze nell\u2019ambito socio-psico-pedagogico e di creare servizi di cui il territorio di Catania mostrava profonde carenze. Ci impegniamo per migliorare la qualit\u00e0 della vita delle persone. Grazie ad un\u2019equipe di professionisti ci prendiamo [&hellip;]<\/p>\n","protected":false},"author":1,"featured_media":0,"parent":0,"menu_order":0,"comment_status":"closed","ping_status":"closed","template":"","meta":{"_et_pb_use_builder":"on","_et_pb_old_content":"","_et_gb_content_width":"","footnotes":""},"class_list":["post-787","page","type-page","status-publish","hentry"],"_links":{"self":[{"href":"https:\/\/page-project.eu\/it\/wp-json\/wp\/v2\/pages\/787","targetHints":{"allow":["GET"]}}],"collection":[{"href":"https:\/\/page-project.eu\/it\/wp-json\/wp\/v2\/pages"}],"about":[{"href":"https:\/\/page-project.eu\/it\/wp-json\/wp\/v2\/types\/page"}],"author":[{"embeddable":true,"href":"https:\/\/page-project.eu\/it\/wp-json\/wp\/v2\/users\/1"}],"replies":[{"embeddable":true,"href":"https:\/\/page-project.eu\/it\/wp-json\/wp\/v2\/comments?post=787"}],"version-history":[{"count":6,"href":"https:\/\/page-project.eu\/it\/wp-json\/wp\/v2\/pages\/787\/revisions"}],"predecessor-version":[{"id":963,"href":"https:\/\/page-project.eu\/it\/wp-json\/wp\/v2\/pages\/787\/revisions\/963"}],"wp:attachment":[{"href":"https:\/\/page-project.eu\/it\/wp-json\/wp\/v2\/media?parent=787"}],"curies":[{"name":"wp","href":"https:\/\/api.w.org\/{rel}","templated":true}]}}