{"id":550,"date":"2025-01-13T10:47:53","date_gmt":"2025-01-13T08:47:53","guid":{"rendered":"https:\/\/page-project.eu\/le-projet\/"},"modified":"2025-05-06T10:21:55","modified_gmt":"2025-05-06T08:21:55","slug":"projekt","status":"publish","type":"page","link":"https:\/\/page-project.eu\/hr\/projekt\/","title":{"rendered":"Projekt"},"content":{"rendered":"\n<p>Europski projekt PAGE ima za cilj promicanje socijalne uklju\u010denosti i inovacija u kulturnom i izdava\u010dkom sektoru razvojem knjiga i alata prilago\u0111enih potrebama mladih osoba s intelektualnim i razvojnim te\u0161ko\u0107ama.<\/p>\n\n<h2 class=\"wp-block-heading\">Pozadina i izazovi<\/h2>\n\n<p>Izazovi povezani s kognitivnom pristupa\u010dno\u0161\u0107u za mlade osobe s intelektualnim i razvojnim te\u0161ko\u0107ama u Europi su brojni:<\/p>\n\n<ol class=\"wp-block-list\">\n<li><strong>Nedostatak podataka:<\/strong> Malo je studija koje istra\u017euju sudjelovanje mladih osoba s intelektualnim i razvojnim te\u0161ko\u0107amau \u010ditanju kao kulturnoj aktivnosti, \u0161to ote\u017eava stvaranje odgovaraju\u0107ih rje\u0161enja. PAGE ima za cilj uklju\u010diti ih u istra\u017eivanje kako bi se bolje razumjele njihove potrebe. <\/li>\n\n\n\n<li><strong>Gotovo nepostoje\u0107a ponuda prilago\u0111enih knjiga:<\/strong> Mladi s intelektualnim i razvojnim te\u0161ko\u0107ama nemaju knjige prilago\u0111ene njihovim sposobnostima, jer je literatura posve\u0107ena ovoj publici gotovo nedostupna. PAGE \u0107e objaviti seriju knjiga na pojednostavljenom jeziku. <\/li>\n\n\n\n<li><strong>Vrlo ograni\u010deno sudjelovanje za mladih osoba s intelektualnim i razvojnim te\u0161ko\u0107ama:<\/strong> Mlade osobe s intelektualnim i razvojnim te\u0161ko\u0107ama rijetko pristupaju knji\u017enim klubovima ili knji\u017eevnim aktivnostima, koje su \u010desto neprikladne za njihove kompetencije. PAGE \u0107e razviti inkluzivne aktivnosti kako bi promicao njihovu kulturnu uklju\u010denost. <\/li>\n\n\n\n<li><strong>Nedostatak digitalnih alata:<\/strong> Postoje\u0107i digitalni knjige nemaju specifi\u010dne zna\u010dajke, poput vokabulara pojednostavljenog jezika. PAGE \u0107e razviti aplikaciju koja \u0107e pobolj\u0161ati razumijevanje i kognitivnu pristupa\u010dnost. <\/li>\n<\/ol>\n\n<h2 class=\"wp-block-heading\">Ciljevi projekta PAGE<\/h2>\n\n<p>Projekt PAGE ima za cilj rije\u0161iti nedostatak pristupa\u010dnih publikacija za mlade osobe s intelektualnim i razvojnim te\u0161ko\u0107ama koriste\u0107i tehnike poput pojednostavljenog jezika, augmentativne i alternativne komunikacije (AAK) i tehnolo\u0161kih inovacija (interaktivne aplikacije).<\/p>\n\n<h2 class=\"wp-block-heading\">Strate\u0161ka uskla\u0111enost<\/h2>\n\n<p>Projekt je uskla\u0111en s prioritetima Europskog zakona o pristupa\u010dnosti i Europske strategije za prava osoba s invaliditetom (2021.\u20132030.), uz podr\u0161ku kulturne raznolikosti i transnacionalnih inovacija. Tako\u0111er doprinosi odr\u017eivom i inkluzivnom razvoju europskog izdava\u010dkog sektora kroz pristup koji integrira pristupa\u010dnost, kreativnost i digitalnu tehnologiju. <\/p>\n\n<h2 class=\"wp-block-heading\">Faze projekta<\/h2>\n\n<p>Projekt PAGE sastoji se od pet glavnih faza:<\/p>\n\n<ol class=\"wp-block-list\">\n<li><strong>Istra\u017eivanje (WP2):<\/strong> Identificiranje potreba za mlade osobe s intelektualnim i razvojnim te\u0161ko\u0107ama za pristupa\u010dno\u0161\u0107u kroz fokusne grupe i ankete koje ih uklju\u010duju, njihove obitelji i izdava\u010dki sektor. Zavr\u0161no izvje\u0161\u0107e \u0107e definirati kriterije za pristupa\u010dne knjige, kulturne aktivnosti i aplikaciju PAGE. <\/li>\n\n\n\n<li><strong>Izdavanje pristupa\u010dnih knjiga (WP3):<\/strong> Organiziranje knji\u017eevnog natje\u010daja za objavu jedne prilago\u0111ene knjige u svakoj partnerskoj zemlji, prevedene na jezike projekta, kako bi se promovirala inkluzivna literatura.<\/li>\n\n\n\n<li><strong>Kulturne aktivnosti (WP4):<\/strong> Razviti alat za organizaciju knji\u017enih klubova i radionica pisanja za mlade osobe s intelektualnim i razvojnim te\u0161ko\u0107ama. Ove aktivnosti poticat \u0107e kreativnost i testirati pristupa\u010dnost knjiga i aplikacije PAGE. <\/li>\n\n\n\n<li><strong>Razvoj aplikacije (WP5):<\/strong> Dizajn aplikacije koja uklju\u010duje vokabular pojednostavljenog jezika, testiran i usavr\u0161avan temeljen na povratnim informacijama mladih osoba s intelektualnim i razvojnim te\u0161ko\u0107ama tijekom kulturnih aktivnosti.<\/li>\n\n\n\n<li><strong>Upravljanje i diseminacija (WP1 &amp; WP6):<\/strong> Nadzor cjelokupne koordinacije, osiguranje kvalitete i diseminacija rezultata kako bi se osigurala odr\u017eivost i utjecaj projekta.<\/li>\n<\/ol>\n\n<p>Projekt PAGE kombinira pristupa\u010dnost, kreativnost i digitalnu tehnologiju kako bi kultura postala dostupna svima. Poticanjem aktivnog sudjelovanja mladih osoba s intelektualnim i razvojnim te\u0161ko\u0107ama, PAGE doprinosi odr\u017eivom i inkluzivnom razvoju europskog izdava\u010dkog sektora. <\/p>\n\n<p>\u017delite li saznati vi\u0161e o projektu PAGE ili saznati kako sudjelovati u njegovim aktivnostima? Kontaktirajte nas. <\/p>\n","protected":false},"excerpt":{"rendered":"<p>Europski projekt PAGE ima za cilj promicanje socijalne uklju\u010denosti i inovacija u kulturnom i izdava\u010dkom sektoru razvojem knjiga i alata prilago\u0111enih potrebama mladih osoba s intelektualnim i razvojnim te\u0161ko\u0107ama. Pozadina i izazovi Izazovi povezani s kognitivnom pristupa\u010dno\u0161\u0107u za mlade osobe s intelektualnim i razvojnim te\u0161ko\u0107ama u Europi su brojni: Ciljevi projekta PAGE Projekt PAGE ima [&hellip;]<\/p>\n","protected":false},"author":1,"featured_media":0,"parent":0,"menu_order":0,"comment_status":"closed","ping_status":"closed","template":"","meta":{"_et_pb_use_builder":"off","_et_pb_old_content":"","_et_gb_content_width":"","footnotes":""},"class_list":["post-550","page","type-page","status-publish","hentry"],"_links":{"self":[{"href":"https:\/\/page-project.eu\/hr\/wp-json\/wp\/v2\/pages\/550","targetHints":{"allow":["GET"]}}],"collection":[{"href":"https:\/\/page-project.eu\/hr\/wp-json\/wp\/v2\/pages"}],"about":[{"href":"https:\/\/page-project.eu\/hr\/wp-json\/wp\/v2\/types\/page"}],"author":[{"embeddable":true,"href":"https:\/\/page-project.eu\/hr\/wp-json\/wp\/v2\/users\/1"}],"replies":[{"embeddable":true,"href":"https:\/\/page-project.eu\/hr\/wp-json\/wp\/v2\/comments?post=550"}],"version-history":[{"count":4,"href":"https:\/\/page-project.eu\/hr\/wp-json\/wp\/v2\/pages\/550\/revisions"}],"predecessor-version":[{"id":813,"href":"https:\/\/page-project.eu\/hr\/wp-json\/wp\/v2\/pages\/550\/revisions\/813"}],"wp:attachment":[{"href":"https:\/\/page-project.eu\/hr\/wp-json\/wp\/v2\/media?parent=550"}],"curies":[{"name":"wp","href":"https:\/\/api.w.org\/{rel}","templated":true}]}}