{"id":534,"date":"2025-01-13T10:48:02","date_gmt":"2025-01-13T08:48:02","guid":{"rendered":"https:\/\/page-project.eu\/partenaires\/"},"modified":"2025-07-16T10:46:48","modified_gmt":"2025-07-16T08:46:48","slug":"partenaires","status":"publish","type":"page","link":"https:\/\/page-project.eu\/fr\/partenaires\/","title":{"rendered":"Partenaires"},"content":{"rendered":"<p>[et_pb_section fb_built=\u00a0\u00bb1&Prime; _builder_version=\u00a0\u00bb4.27.4&Prime; _module_preset=\u00a0\u00bbdefault\u00a0\u00bb global_colors_info=\u00a0\u00bb{}\u00a0\u00bb][et_pb_row _builder_version=\u00a0\u00bb4.27.4&Prime; _module_preset=\u00a0\u00bbdefault\u00a0\u00bb global_colors_info=\u00a0\u00bb{}\u00a0\u00bb][et_pb_column type=\u00a0\u00bb4_4&Prime; _builder_version=\u00a0\u00bb4.27.4&Prime; _module_preset=\u00a0\u00bbdefault\u00a0\u00bb global_colors_info=\u00a0\u00bb{}\u00a0\u00bb][et_pb_post_title _builder_version=\u00a0\u00bb4.27.4&Prime; _module_preset=\u00a0\u00bbdefault\u00a0\u00bb global_colors_info=\u00a0\u00bb{}\u00a0\u00bb][\/et_pb_post_title][\/et_pb_column][\/et_pb_row][et_pb_row column_structure=\u00a0\u00bb1_4,3_4&Prime; make_equal=\u00a0\u00bbon\u00a0\u00bb _builder_version=\u00a0\u00bb4.27.4&Prime; _module_preset=\u00a0\u00bbdefault\u00a0\u00bb global_colors_info=\u00a0\u00bb{}\u00a0\u00bb][et_pb_column type=\u00a0\u00bb1_4&Prime; _builder_version=\u00a0\u00bb4.27.4&Prime; _module_preset=\u00a0\u00bbdefault\u00a0\u00bb global_colors_info=\u00a0\u00bb{}\u00a0\u00bb][et_pb_image src=\u00a0\u00bbhttps:\/\/page-project.eu\/wp-content\/uploads\/2025\/01\/controvento.png\u00a0\u00bb alt=\u00a0\u00bbControvento\u00a0\u00bb title_text=\u00a0\u00bbcontrovento\u00a0\u00bb _builder_version=\u00a0\u00bb4.27.4&Prime; _module_preset=\u00a0\u00bb9a5a73aa-b0ad-4a63-a249-142865181ced\u00a0\u00bb global_colors_info=\u00a0\u00bb{}\u00a0\u00bb][\/et_pb_image][\/et_pb_column][et_pb_column type=\u00a0\u00bb3_4&Prime; _builder_version=\u00a0\u00bb4.27.4&Prime; _module_preset=\u00a0\u00bbdefault\u00a0\u00bb global_colors_info=\u00a0\u00bb{}\u00a0\u00bb][et_pb_text _builder_version=\u00a0\u00bb4.27.4&Prime; _module_preset=\u00a0\u00bbdefault\u00a0\u00bb text_font_size=\u00a0\u00bb1rem\u00a0\u00bb text_line_height=\u00a0\u00bb1.51em\u00a0\u00bb global_colors_info=\u00a0\u00bb{}\u00a0\u00bb]<\/p>\n<h2>Controvento<\/h2>\n<p><strong>Italie<\/strong><\/p>\n<p>L&rsquo;entreprise sociale CONTROVENTO Onlus est n\u00e9e en 2015 du d\u00e9sir et de l&rsquo;engagement de membres professionnels d\u00e9sireux d&rsquo;utiliser leurs comp\u00e9tences dans le domaine socio-psycho-p\u00e9dagogique et de cr\u00e9er des services dont le territoire de Catane pr\u00e9sentait de profondes carences. Nous nous engageons \u00e0 am\u00e9liorer la qualit\u00e9 de vie des personnes. Gr\u00e2ce \u00e0 une \u00e9quipe de professionnels, nous nous occupons de votre projet de vie en promouvant la coop\u00e9ration, la socialit\u00e9 et de nouvelles opportunit\u00e9s.  <\/p>\n<p>Nos services :<\/p>\n<ol>\n<li>L&rsquo;Acad\u00e9mie de l&rsquo;Autonomie est n\u00e9e en r\u00e9ponse \u00e0 la n\u00e9cessit\u00e9 de promouvoir la vie autonome et ind\u00e9pendante des personnes handicap\u00e9es. L&rsquo;acad\u00e9mie propose au sein d&rsquo;une m\u00eame structure diff\u00e9rents cours visant \u00e0 l&rsquo;acquisition et au renforcement de l&rsquo;autonomie. Les cours se distinguent par tranches d&rsquo;\u00e2ge, degr\u00e9 d&rsquo;autonomie poss\u00e9d\u00e9, et type de handicap, afin de pr\u00e9server la croissance harmonieuse de l&rsquo;individu pris en charge.  <\/li>\n<li>Bien-\u00eatre psychologique, est propos\u00e9 comme une aide pour pouvoir contribuer au bien-\u00eatre psychophysique de toutes les personnes qui se trouvent dans une situation de malaise, m\u00eame s&rsquo;il n&rsquo;est pas de nature psychiatrique.<\/li>\n<li>Cours de formation : notre \u00e9quipe propose un large \u00e9ventail de cours, incluant divers domaines d&rsquo;expertise afin d&rsquo;assurer une croissance constante. Tous les cours se d\u00e9roulent selon une approche active et participative, dans laquelle le v\u00e9ritable protagoniste de la formation est la personne elle-m\u00eame. L&rsquo;objectif de notre entreprise est de cr\u00e9er un parcours cibl\u00e9 qui puisse produire un changement de valeur, en transformant la connaissance en un apprentissage stable et disponible pour la ressource.  <\/li>\n<li>Ateliers du matin<\/li>\n<li>Partenariats europ\u00e9ens, Le programme Erasmus+ vise \u00e0 contribuer \u00e0 la strat\u00e9gie Europe 2020, \u00e0 l&#8217;emploi, \u00e0 l&rsquo;\u00e9quit\u00e9 sociale et \u00e0 l&rsquo;int\u00e9gration, ainsi qu&rsquo;aux objectifs d&rsquo;ET2020, le cadre strat\u00e9gique de l&rsquo;UE pour l&rsquo;\u00e9ducation et la formation.<br \/>Le programme doit \u00e9galement promouvoir le d\u00e9veloppement durable de ses partenaires de l&rsquo;enseignement sup\u00e9rieur et contribuer \u00e0 la r\u00e9alisation des objectifs de la strat\u00e9gie de l&rsquo;UE en faveur de la jeunesse.<br \/>Notre coop\u00e9rative participe \u00e0 la programmation Erasmus+ par le biais de certains projets activ\u00e9s par le fonds.<\/li>\n<\/ol>\n<p>[\/et_pb_text][et_pb_button button_url=\u00a0\u00bbhttps:\/\/www.controventocatania.it\/\u00a0\u00bb url_new_window=\u00a0\u00bbon\u00a0\u00bb button_text=\u00a0\u00bbSite internet\u00a0\u00bb _builder_version=\u00a0\u00bb4.27.4&Prime; _module_preset=\u00a0\u00bb1b5c237a-e148-41b3-8b88-e57c146297ca\u00a0\u00bb global_colors_info=\u00a0\u00bb{}\u00a0\u00bb][\/et_pb_button][\/et_pb_column][\/et_pb_row][et_pb_row column_structure=\u00a0\u00bb1_4,3_4&Prime; make_equal=\u00a0\u00bbon\u00a0\u00bb _builder_version=\u00a0\u00bb4.27.4&Prime; _module_preset=\u00a0\u00bbdefault\u00a0\u00bb global_colors_info=\u00a0\u00bb{}\u00a0\u00bb][et_pb_column type=\u00a0\u00bb1_4&Prime; _builder_version=\u00a0\u00bb4.27.4&Prime; _module_preset=\u00a0\u00bbdefault\u00a0\u00bb global_colors_info=\u00a0\u00bb{}\u00a0\u00bb][et_pb_image src=\u00a0\u00bbhttps:\/\/page-project.eu\/wp-content\/uploads\/2025\/01\/lesapprimeurs.png\u00a0\u00bb alt=\u00a0\u00bbLes Apprimeurs\u00a0\u00bb title_text=\u00a0\u00bblesapprimeurs\u00a0\u00bb _builder_version=\u00a0\u00bb4.27.4&Prime; _module_preset=\u00a0\u00bb9a5a73aa-b0ad-4a63-a249-142865181ced\u00a0\u00bb global_colors_info=\u00a0\u00bb{}\u00a0\u00bb][\/et_pb_image][\/et_pb_column][et_pb_column type=\u00a0\u00bb3_4&Prime; _builder_version=\u00a0\u00bb4.27.4&Prime; _module_preset=\u00a0\u00bbdefault\u00a0\u00bb global_colors_info=\u00a0\u00bb{}\u00a0\u00bb][et_pb_text _builder_version=\u00a0\u00bb4.27.4&Prime; _module_preset=\u00a0\u00bbdefault\u00a0\u00bb text_font_size=\u00a0\u00bb1rem\u00a0\u00bb text_line_height=\u00a0\u00bb1.51em\u00a0\u00bb global_colors_info=\u00a0\u00bb{}\u00a0\u00bb]<\/p>\n<h2>Les Apprimeurs<\/h2>\n<p><strong>France<\/strong><\/p>\n<p>Les Apprimeurs, fond\u00e9e en 2013, est une agence n\u00e9e de l&rsquo;exp\u00e9rience des cofondatrices dans le domaine de l&rsquo;\u00e9dition et de l&rsquo;imagerie, tant sur support papier que num\u00e9rique. La mission de l&rsquo;entreprise est de concevoir des solutions cr\u00e9atives pour faciliter l&rsquo;acc\u00e8s \u00e0 l&rsquo;\u00e9criture, \u00e0 la culture et \u00e0 l&rsquo;\u00e9ducation. Op\u00e9rant dans de multiples domaines, Les Apprimeurs s&rsquo;engage dans :  <\/p>\n<ol>\n<li>L&rsquo;\u00e9dition jeunesse (imprim\u00e9e et num\u00e9rique) : Sous la marque L&rsquo;Apprimerie (lapprimerie.com), Les Apprimeurs publie environ 5 livres imprim\u00e9s par an pour les enfants de 2 \u00e0 10 ans, y compris des formats vari\u00e9s tels que des albums, des leporello, des documentaires, des livres d&rsquo;activit\u00e9s et des bandes dessin\u00e9es.<\/li>\n<li>Services culturels et \u00e9ducatifs : La soci\u00e9t\u00e9 fournit des services graphiques et \u00e9ditoriaux dans les domaines de l&rsquo;imprim\u00e9 et du num\u00e9rique, y compris des livres \u00e9lectroniques, des sites web, des expositions virtuelles, des magazines, des livres et du mat\u00e9riel de communication.<\/li>\n<li>Formation : Les Apprimeurs intervient dans la formation initiale (licences et masters) et professionnelle des professionnels de la litt\u00e9rature, de la culture, de l&rsquo;image, du graphisme et des m\u00e9dias num\u00e9riques.<\/li>\n<li>Partenariats europ\u00e9ens : Participant activement au programme Erasmus+, Les Apprimeurs collabore \u00e0 des projets visant \u00e0 d\u00e9velopper des ressources et des formations pour rendre l&rsquo;\u00e9ducation et la culture plus inclusives et accessibles. L&rsquo;entreprise a \u00e9t\u00e9 impliqu\u00e9e dans plus d&rsquo;une quinzaine de projets Erasmus+ depuis 2013. <\/li>\n<\/ol>\n<p>[\/et_pb_text][et_pb_button button_url=\u00a0\u00bbhttps:\/\/lesapprimeurs.com\/\u00a0\u00bb url_new_window=\u00a0\u00bbon\u00a0\u00bb button_text=\u00a0\u00bbSite internet\u00a0\u00bb _builder_version=\u00a0\u00bb4.27.4&Prime; _module_preset=\u00a0\u00bbdefault\u00a0\u00bb global_colors_info=\u00a0\u00bb{}\u00a0\u00bb][\/et_pb_button][\/et_pb_column][\/et_pb_row][et_pb_row column_structure=\u00a0\u00bb1_4,3_4&Prime; make_equal=\u00a0\u00bbon\u00a0\u00bb _builder_version=\u00a0\u00bb4.27.4&Prime; _module_preset=\u00a0\u00bbdefault\u00a0\u00bb global_colors_info=\u00a0\u00bb{}\u00a0\u00bb][et_pb_column type=\u00a0\u00bb1_4&Prime; _builder_version=\u00a0\u00bb4.27.4&Prime; _module_preset=\u00a0\u00bbdefault\u00a0\u00bb global_colors_info=\u00a0\u00bb{}\u00a0\u00bb][et_pb_image src=\u00a0\u00bbhttps:\/\/page-project.eu\/wp-content\/uploads\/2025\/01\/boarve-konsult-ab.png\u00a0\u00bb alt=\u00a0\u00bbBoarve Konsult AB\u00a0\u00bb title_text=\u00a0\u00bbboarve-konsult-ab\u00a0\u00bb _builder_version=\u00a0\u00bb4.27.4&Prime; _module_preset=\u00a0\u00bb9a5a73aa-b0ad-4a63-a249-142865181ced\u00a0\u00bb global_colors_info=\u00a0\u00bb{}\u00a0\u00bb][\/et_pb_image][\/et_pb_column][et_pb_column type=\u00a0\u00bb3_4&Prime; _builder_version=\u00a0\u00bb4.27.4&Prime; _module_preset=\u00a0\u00bbdefault\u00a0\u00bb global_colors_info=\u00a0\u00bb{}\u00a0\u00bb][et_pb_text _builder_version=\u00a0\u00bb4.27.4&Prime; _module_preset=\u00a0\u00bbdefault\u00a0\u00bb text_font_size=\u00a0\u00bb1rem\u00a0\u00bb text_line_height=\u00a0\u00bb1.51em\u00a0\u00bb global_colors_info=\u00a0\u00bb{}\u00a0\u00bb]<\/p>\n<h2>Boarve konsult AB<\/h2>\n<p><strong>Su\u00e8de<\/strong><\/p>\n<p>Boarve konsult AB est un cabinet de conseil qui travaille sur l&rsquo;accessibilit\u00e9 de l&rsquo;information et de la communication et sur le droit de chacun \u00e0 participer \u00e0 la soci\u00e9t\u00e9.<\/p>\n<p>Boarve konsult est d\u00e9tenu et dirig\u00e9 par Ulla Bohman. Elle est connue comme l&rsquo;une des principales expertes en Facile \u00e0 Lire (FAL) en Europe. Elle a plus de 30 ans d&rsquo;exp\u00e9rience dans le domaine de l&rsquo;accessibilit\u00e9, de la communication interculturelle et des droits de l&rsquo;homme. Ulla Bohman est souvent invit\u00e9e \u00e0 pr\u00e9senter des expos\u00e9s lors de conf\u00e9rences internationales sur ces sujets.   <\/p>\n<p>Boarve adapte et produit des informations en langage facile. Boarve propose \u00e9galement des formations et des ateliers sur la mani\u00e8re d&rsquo;\u00e9crire ou de parler en langage facile. Boarve donne de nombreuses pr\u00e9sentations sur l&rsquo;accessibilit\u00e9 de l&rsquo;information, le Facile \u00e0 Lire (FAL) et l&rsquo;inclusion.  <\/p>\n<p>Boarve propose ses services en su\u00e9dois et en anglais et peut accepter des missions dans le monde entier.<\/p>\n<p>[\/et_pb_text][et_pb_button button_url=\u00a0\u00bbhttps:\/\/boarve.se\/\u00a0\u00bb url_new_window=\u00a0\u00bbon\u00a0\u00bb button_text=\u00a0\u00bbSite internet\u00a0\u00bb _builder_version=\u00a0\u00bb4.27.4&Prime; _module_preset=\u00a0\u00bbdefault\u00a0\u00bb global_colors_info=\u00a0\u00bb{}\u00a0\u00bb][\/et_pb_button][\/et_pb_column][\/et_pb_row][et_pb_row column_structure=\u00a0\u00bb1_4,3_4&Prime; make_equal=\u00a0\u00bbon\u00a0\u00bb _builder_version=\u00a0\u00bb4.27.4&Prime; _module_preset=\u00a0\u00bbdefault\u00a0\u00bb global_colors_info=\u00a0\u00bb{}\u00a0\u00bb][et_pb_column type=\u00a0\u00bb1_4&Prime; _builder_version=\u00a0\u00bb4.27.4&Prime; _module_preset=\u00a0\u00bbdefault\u00a0\u00bb global_colors_info=\u00a0\u00bb{}\u00a0\u00bb][et_pb_image src=\u00a0\u00bbhttps:\/\/page-project.eu\/wp-content\/uploads\/2025\/01\/logopsycom.png\u00a0\u00bb alt=\u00a0\u00bbLogopsycom\u00a0\u00bb title_text=\u00a0\u00bblogopsycom\u00a0\u00bb _builder_version=\u00a0\u00bb4.27.4&Prime; _module_preset=\u00a0\u00bb9a5a73aa-b0ad-4a63-a249-142865181ced\u00a0\u00bb global_colors_info=\u00a0\u00bb{}\u00a0\u00bb][\/et_pb_image][\/et_pb_column][et_pb_column type=\u00a0\u00bb3_4&Prime; _builder_version=\u00a0\u00bb4.27.4&Prime; _module_preset=\u00a0\u00bbdefault\u00a0\u00bb global_colors_info=\u00a0\u00bb{}\u00a0\u00bb][et_pb_text _builder_version=\u00a0\u00bb4.27.4&Prime; _module_preset=\u00a0\u00bbdefault\u00a0\u00bb text_font_size=\u00a0\u00bb1rem\u00a0\u00bb text_line_height=\u00a0\u00bb1.51em\u00a0\u00bb global_colors_info=\u00a0\u00bb{}\u00a0\u00bb]<\/p>\n<h2>Logopsycom<\/h2>\n<p><strong>Belgique<\/strong><\/p>\n<p>Logopsycom est un centre d\u2019innovation p\u00e9dagogique qui cr\u00e9e et utilise des m\u00e9thodes ou outils alternatifs (num\u00e9riques ou non) pour accompagner les \u00e9coles, les centres de formation professionnelle, les organisations \u00e9ducatives, les jeunes et les parents. Elle a d\u2019abord \u00e9t\u00e9 cr\u00e9\u00e9e en tant qu\u2019entreprise de soins, sp\u00e9cialis\u00e9e dans les troubles d\u2019apprentissage chez les jeunes, en particulier dans les troubles \u00ab dys \u00bb (dyspraxie, dysphasie, dyslexie, etc.), \u00e9galement appel\u00e9es troubles sp\u00e9cifiques d\u2019apprentissage et travaille donc toujours sur l\u2019accessibilit\u00e9 du contenu. <\/p>\n<p>[\/et_pb_text][et_pb_button button_url=\u00a0\u00bbhttps:\/\/logopsycom.com\/\u00a0\u00bb url_new_window=\u00a0\u00bbon\u00a0\u00bb button_text=\u00a0\u00bbSite internet\u00a0\u00bb _builder_version=\u00a0\u00bb4.27.4&Prime; _module_preset=\u00a0\u00bbdefault\u00a0\u00bb global_colors_info=\u00a0\u00bb{}\u00a0\u00bb][\/et_pb_button][\/et_pb_column][\/et_pb_row][et_pb_row column_structure=\u00a0\u00bb1_4,3_4&Prime; make_equal=\u00a0\u00bbon\u00a0\u00bb _builder_version=\u00a0\u00bb4.27.4&Prime; _module_preset=\u00a0\u00bbdefault\u00a0\u00bb global_colors_info=\u00a0\u00bb{}\u00a0\u00bb][et_pb_column type=\u00a0\u00bb1_4&Prime; _builder_version=\u00a0\u00bb4.27.4&Prime; _module_preset=\u00a0\u00bbdefault\u00a0\u00bb global_colors_info=\u00a0\u00bb{}\u00a0\u00bb][et_pb_image src=\u00a0\u00bbhttps:\/\/page-project.eu\/wp-content\/uploads\/2025\/01\/risa.png\u00a0\u00bb alt=\u00a0\u00bbZavod RISA\u00a0\u00bb title_text=\u00a0\u00bbZavod RISA\u00a0\u00bb _builder_version=\u00a0\u00bb4.27.4&Prime; _module_preset=\u00a0\u00bb9a5a73aa-b0ad-4a63-a249-142865181ced\u00a0\u00bb max_width=\u00a0\u00bb100px\u00a0\u00bb global_colors_info=\u00a0\u00bb{}\u00a0\u00bb][\/et_pb_image][\/et_pb_column][et_pb_column type=\u00a0\u00bb3_4&Prime; _builder_version=\u00a0\u00bb4.27.4&Prime; _module_preset=\u00a0\u00bbdefault\u00a0\u00bb global_colors_info=\u00a0\u00bb{}\u00a0\u00bb][et_pb_text _builder_version=\u00a0\u00bb4.27.4&Prime; _module_preset=\u00a0\u00bbdefault\u00a0\u00bb text_font_size=\u00a0\u00bb1rem\u00a0\u00bb text_line_height=\u00a0\u00bb1.51em\u00a0\u00bb global_colors_info=\u00a0\u00bb{}\u00a0\u00bb]<\/p>\n<h2>Zavod Risa<\/h2>\n<p><strong>Slov\u00e9nie<\/strong><\/p>\n<p>Zavod Risa est une organisation non gouvernementale. Depuis 2011, nous travaillons dans les domaines de la culture et de l&rsquo;aide sociale. Nous \u0153uvrons pour l&rsquo;\u00e9galit\u00e9 d&rsquo;acc\u00e8s \u00e0 l&rsquo;information, l&rsquo;autonomisation des groupes vuln\u00e9rables et la d\u00e9fense des droits de l&rsquo;homme. Nous sommes la premi\u00e8re organisation en Slov\u00e9nie \u00e0 d\u00e9velopper et promouvoir le langage facile. Nous g\u00e9rons des programmes tels que l&rsquo;assistance personnelle, la d\u00e9fense ind\u00e9pendante de la vie autonome, le Centre pour la communication et le programme Facile \u00e0 Lire. Nous cr\u00e9ons des textes en slov\u00e8ne facile. Nous publions des livres et un journal en ligne, 20 minutes. Nous organisons des ateliers sur la pr\u00e9paration et l&rsquo;utilisation du langage facile. Les b\u00e9n\u00e9voles et les auto-intervenants constituent une part importante de l&rsquo;\u00e9quipe. Ils sont nos co-cr\u00e9ateurs. Ils nous aident \u00e0 r\u00e9aliser nos projets et nos programmes. Nos activit\u00e9s soutiennent les personnes atteintes d&rsquo;un handicap intellectuel ou d&rsquo;une d\u00e9ficience connexe et tous ceux qui ont besoin d&rsquo;\u00e9galit\u00e9 des chances et d&rsquo;aide pour s&rsquo;alphab\u00e9tiser et s&rsquo;int\u00e9grer dans la soci\u00e9t\u00e9. Notre objectif est de construire une soci\u00e9t\u00e9 accessible et plus inclusive. Nous travaillons en partenariat avec de nombreuses organisations. Nos activit\u00e9s dans le cadre de projets Erasmus+ : EASIT : Easy Access for Social Inclusion Training ; MyPart : Approches participatives dans l&rsquo;\u00e9ducation civique avec et pour les personnes ayant un handicap intellectuel ; PERLSI : Projet de promotion d&rsquo;un langage facile \u00e0 lire pour l&rsquo;inclusion sociale ; Train2Validate : Formation professionnelle pour les facilitateurs et les validateurs de lecture facile ; Simpl4ALL ; SELSI : Langage parl\u00e9 facile pour l&rsquo;inclusion sociale.              <\/p>\n<p>[\/et_pb_text][et_pb_button button_url=\u00a0\u00bbhttps:\/\/risa.si\/\u00a0\u00bb url_new_window=\u00a0\u00bbon\u00a0\u00bb button_text=\u00a0\u00bbSite internet\u00a0\u00bb _builder_version=\u00a0\u00bb4.27.4&Prime; _module_preset=\u00a0\u00bbdefault\u00a0\u00bb global_colors_info=\u00a0\u00bb{}\u00a0\u00bb][\/et_pb_button][\/et_pb_column][\/et_pb_row][et_pb_row column_structure=\u00a0\u00bb1_4,3_4&Prime; make_equal=\u00a0\u00bbon\u00a0\u00bb _builder_version=\u00a0\u00bb4.27.4&Prime; _module_preset=\u00a0\u00bbdefault\u00a0\u00bb global_colors_info=\u00a0\u00bb{}\u00a0\u00bb][et_pb_column type=\u00a0\u00bb1_4&Prime; _builder_version=\u00a0\u00bb4.27.4&Prime; _module_preset=\u00a0\u00bbdefault\u00a0\u00bb global_colors_info=\u00a0\u00bb{}\u00a0\u00bb][et_pb_image src=\u00a0\u00bbhttps:\/\/page-project.eu\/wp-content\/uploads\/2025\/07\/yelo.png\u00a0\u00bb alt=\u00a0\u00bbYelo\u00a0\u00bb title_text=\u00a0\u00bbyelo\u00a0\u00bb _builder_version=\u00a0\u00bb4.27.4&Prime; _module_preset=\u00a0\u00bb9a5a73aa-b0ad-4a63-a249-142865181ced\u00a0\u00bb max_width=\u00a0\u00bb100px\u00a0\u00bb hover_enabled=\u00a0\u00bb0&Prime; global_colors_info=\u00a0\u00bb{}\u00a0\u00bb sticky_enabled=\u00a0\u00bb0&Prime;][\/et_pb_image][\/et_pb_column][et_pb_column type=\u00a0\u00bb3_4&Prime; _builder_version=\u00a0\u00bb4.27.4&Prime; _module_preset=\u00a0\u00bbdefault\u00a0\u00bb global_colors_info=\u00a0\u00bb{}\u00a0\u00bb][et_pb_text _builder_version=\u00a0\u00bb4.27.4&Prime; _module_preset=\u00a0\u00bbdefault\u00a0\u00bb text_font_size=\u00a0\u00bb1rem\u00a0\u00bb text_line_height=\u00a0\u00bb1.51em\u00a0\u00bb global_colors_info=\u00a0\u00bb{}\u00a0\u00bb]<\/p>\n<h2>Yelo<\/h2>\n<p><strong>Croatie<\/strong><\/p>\n<p>YELO est une organisation artistique \u00e0 but non lucratif cr\u00e9\u00e9e en 2016, ax\u00e9e sur des programmes interdisciplinaires combinant le multim\u00e9dia, l&rsquo;art, la litt\u00e9rature, la performance et la technologie, y compris la r\u00e9alit\u00e9 virtuelle et les logiciels sonores. En collaboration avec la Facult\u00e9 de g\u00e9nie \u00e9lectrique et d&rsquo;informatique (FER) de Zagreb, YELO jette un pont entre l&rsquo;art et les sciences techniques afin de cr\u00e9er des plateformes innovantes pour la distribution de contenu culturel. La mission de YELO est de relier les artistes au public par le biais de contenus num\u00e9riques, en soutenant les nouvelles technologies dans les industries culturelles. L&rsquo;organisation d\u00e9veloppe des applications mobiles et des films VR 360 pour rendre les programmes culturels accessibles et favoriser les \u00e9changes sociaux et le dialogue interculturel.<br \/>Outre les technologies \u00e9ducatives, YELO cr\u00e9e des installations artistiques interactives, des performances et des projets d&rsquo;art sonore qui combinent la narration, le son, le mouvement et des environnements num\u00e9riques immersifs, offrant au public de nouvelles fa\u00e7ons de s&rsquo;engager dans l&rsquo;art. YELO a d\u00e9velopp\u00e9 des plateformes mobiles pour aider les enfants ayant des probl\u00e8mes de d\u00e9veloppement, en offrant un contenu litt\u00e9raire audio pour am\u00e9liorer la lecture, la compr\u00e9hension et les comp\u00e9tences linguistiques. La plateforme comprend des fonctions personnalisables, des exercices de prononciation, un suivi des progr\u00e8s et un acc\u00e8s hors ligne, ce qui favorise l&rsquo;\u00e9ducation inclusive. Cette initiative est conforme aux normes nationales et internationales, telles que le plan national pour l&rsquo;\u00e9galit\u00e9 des chances des personnes en situation de handicap et la strat\u00e9gie de l&rsquo;UE sur les droits des personnes en situation de handicap.      <\/p>\n<p>Les programmes de YELO am\u00e9liorent les comp\u00e9tences num\u00e9riques et favorisent l&rsquo;inclusion, en offrant des exp\u00e9riences d&rsquo;apprentissage personnalis\u00e9es et en soutenant les enseignants et les professionnels gr\u00e2ce \u00e0 un suivi d\u00e9taill\u00e9 des progr\u00e8s. Gr\u00e2ce \u00e0 ses divers projets artistiques, YELO continue d&rsquo;innover, en veillant \u00e0 ce que les programmes culturels soient accessibles et inclusifs pour tous. <\/p>\n<p>[\/et_pb_text][et_pb_button button_url=\u00a0\u00bbhttps:\/\/yelo.hr\/\u00a0\u00bb url_new_window=\u00a0\u00bbon\u00a0\u00bb button_text=\u00a0\u00bbSite internet\u00a0\u00bb _builder_version=\u00a0\u00bb4.27.4&Prime; _module_preset=\u00a0\u00bbdefault\u00a0\u00bb global_colors_info=\u00a0\u00bb{}\u00a0\u00bb][\/et_pb_button][\/et_pb_column][\/et_pb_row][et_pb_row column_structure=\u00a0\u00bb1_4,3_4&Prime; make_equal=\u00a0\u00bbon\u00a0\u00bb _builder_version=\u00a0\u00bb4.27.4&Prime; _module_preset=\u00a0\u00bbdefault\u00a0\u00bb global_colors_info=\u00a0\u00bb{}\u00a0\u00bb][et_pb_column type=\u00a0\u00bb1_4&Prime; _builder_version=\u00a0\u00bb4.27.4&Prime; _module_preset=\u00a0\u00bbdefault\u00a0\u00bb global_colors_info=\u00a0\u00bb{}\u00a0\u00bb][et_pb_image src=\u00a0\u00bbhttps:\/\/page-project.eu\/wp-content\/uploads\/2025\/01\/trinta.png\u00a0\u00bb alt=\u00a0\u00bbTrinta por uma linha\u00a0\u00bb title_text=\u00a0\u00bbtrinta\u00a0\u00bb _builder_version=\u00a0\u00bb4.27.4&Prime; _module_preset=\u00a0\u00bb9a5a73aa-b0ad-4a63-a249-142865181ced\u00a0\u00bb global_colors_info=\u00a0\u00bb{}\u00a0\u00bb][\/et_pb_image][\/et_pb_column][et_pb_column type=\u00a0\u00bb3_4&Prime; _builder_version=\u00a0\u00bb4.27.4&Prime; _module_preset=\u00a0\u00bbdefault\u00a0\u00bb global_colors_info=\u00a0\u00bb{}\u00a0\u00bb][et_pb_text _builder_version=\u00a0\u00bb4.27.4&Prime; _module_preset=\u00a0\u00bbdefault\u00a0\u00bb text_font_size=\u00a0\u00bb1rem\u00a0\u00bb text_line_height=\u00a0\u00bb1.51em\u00a0\u00bb global_colors_info=\u00a0\u00bb{}\u00a0\u00bb]<\/p>\n<h2>Trinta por uma linha<\/h2>\n<p><strong>Portugal<\/strong><\/p>\n<p>A Trinta-por-uma-linha inha est un projet \u00e9ditorial sp\u00e9cialement ax\u00e9 sur la litt\u00e9rature pour l&rsquo;enfance et la jeunesse, fond\u00e9 en d\u00e9cembre 2007.<\/p>\n<p>Nous concentrons notre travail sur l&rsquo;\u00e9dition de projets litt\u00e9raires de qualit\u00e9, d&rsquo;\u00e9tudes critiques dans le domaine de la litt\u00e9rature pour l&rsquo;enfance et la jeunesse et d&rsquo;\u00e9tudes dans le domaine de l&rsquo;\u00e9ducation, dans le but de contribuer \u00e0 la formation litt\u00e9raire (promouvoir le go\u00fbt de la lecture), culturelle (combiner la tradition et l&rsquo;innovation) et esth\u00e9tique (renforcer l&rsquo;\u00e9motion et l&rsquo;\u00e9panouissement) des lecteurs, petits et grands.<\/p>\n<p>Nous nous engageons \u00e0 publier de mani\u00e8re socialement responsable, en encourageant la production de contenus qui luttent contre l&rsquo;analphab\u00e9tisme dans toutes ses composantes.<\/p>\n<p>Au cours de ces 18 ann\u00e9es de publication, nous avons publi\u00e9 environ 300 titres de litt\u00e9rature d&rsquo;enfance et de jeunesse, r\u00e9partis entre la po\u00e9sie, la prose et quelques ouvrages didactiques.<\/p>\n<p>Depuis 2019, nous publions des livres et promouvons des \u00e9v\u00e9nements dans le domaine de la cr\u00e9ation litt\u00e9raire.<\/p>\n<p>Nous avons des livres dans le Plan national de lecture du Portugal.<\/p>\n<p>Nous avons des livres traduits en castillan (Espagne et Colombie), en galicien, en italien, en slov\u00e8ne et en mac\u00e9doine.<\/p>\n<p>[\/et_pb_text][et_pb_button button_url=\u00a0\u00bbhttps:\/\/www.trintaporumalinha.com\/\u00a0\u00bb url_new_window=\u00a0\u00bbon\u00a0\u00bb button_text=\u00a0\u00bbSite internet\u00a0\u00bb _builder_version=\u00a0\u00bb4.27.4&Prime; _module_preset=\u00a0\u00bbdefault\u00a0\u00bb global_colors_info=\u00a0\u00bb{}\u00a0\u00bb][\/et_pb_button][\/et_pb_column][\/et_pb_row][\/et_pb_section]<\/p>\n","protected":false},"excerpt":{"rendered":"<p>Controvento Italie L&rsquo;entreprise sociale CONTROVENTO Onlus est n\u00e9e en 2015 du d\u00e9sir et de l&rsquo;engagement de membres professionnels d\u00e9sireux d&rsquo;utiliser leurs comp\u00e9tences dans le domaine socio-psycho-p\u00e9dagogique et de cr\u00e9er des services dont le territoire de Catane pr\u00e9sentait de profondes carences. Nous nous engageons \u00e0 am\u00e9liorer la qualit\u00e9 de vie des personnes. Gr\u00e2ce \u00e0 une \u00e9quipe [&hellip;]<\/p>\n","protected":false},"author":1,"featured_media":0,"parent":0,"menu_order":0,"comment_status":"closed","ping_status":"closed","template":"","meta":{"_et_pb_use_builder":"on","_et_pb_old_content":"","_et_gb_content_width":"","footnotes":""},"class_list":["post-534","page","type-page","status-publish","hentry"],"_links":{"self":[{"href":"https:\/\/page-project.eu\/fr\/wp-json\/wp\/v2\/pages\/534","targetHints":{"allow":["GET"]}}],"collection":[{"href":"https:\/\/page-project.eu\/fr\/wp-json\/wp\/v2\/pages"}],"about":[{"href":"https:\/\/page-project.eu\/fr\/wp-json\/wp\/v2\/types\/page"}],"author":[{"embeddable":true,"href":"https:\/\/page-project.eu\/fr\/wp-json\/wp\/v2\/users\/1"}],"replies":[{"embeddable":true,"href":"https:\/\/page-project.eu\/fr\/wp-json\/wp\/v2\/comments?post=534"}],"version-history":[{"count":26,"href":"https:\/\/page-project.eu\/fr\/wp-json\/wp\/v2\/pages\/534\/revisions"}],"predecessor-version":[{"id":961,"href":"https:\/\/page-project.eu\/fr\/wp-json\/wp\/v2\/pages\/534\/revisions\/961"}],"wp:attachment":[{"href":"https:\/\/page-project.eu\/fr\/wp-json\/wp\/v2\/media?parent=534"}],"curies":[{"name":"wp","href":"https:\/\/api.w.org\/{rel}","templated":true}]}}