{"id":502,"date":"2025-01-13T10:47:38","date_gmt":"2025-01-13T08:47:38","guid":{"rendered":"https:\/\/page-project.eu\/actualites\/"},"modified":"2025-01-14T10:37:59","modified_gmt":"2025-01-14T08:37:59","slug":"actualites","status":"publish","type":"page","link":"https:\/\/page-project.eu\/fr\/actualites\/","title":{"rendered":"Actualit\u00e9s"},"content":{"rendered":"<p>[et_pb_section fb_built=\u00a0\u00bb1&Prime; theme_builder_area=\u00a0\u00bbpost_content\u00a0\u00bb _builder_version=\u00a0\u00bb4.27.4&Prime; _module_preset=\u00a0\u00bbdefault\u00a0\u00bb][et_pb_row _builder_version=\u00a0\u00bb4.27.4&Prime; _module_preset=\u00a0\u00bbdefault\u00a0\u00bb theme_builder_area=\u00a0\u00bbpost_content\u00a0\u00bb][et_pb_column _builder_version=\u00a0\u00bb4.27.4&Prime; _module_preset=\u00a0\u00bbdefault\u00a0\u00bb type=\u00a0\u00bb4_4&Prime; theme_builder_area=\u00a0\u00bbpost_content\u00a0\u00bb][et_pb_post_title _builder_version=\u00a0\u00bb4.27.4&Prime; _module_preset=\u00a0\u00bbdefault\u00a0\u00bb theme_builder_area=\u00a0\u00bbpost_content\u00a0\u00bb hover_enabled=\u00a0\u00bb0&Prime; sticky_enabled=\u00a0\u00bb0&Prime;][\/et_pb_post_title][et_pb_code _builder_version=\u00a0\u00bb4.27.4&Prime; _module_preset=\u00a0\u00bbdefault\u00a0\u00bb theme_builder_area=\u00a0\u00bbpost_content\u00a0\u00bb hover_enabled=\u00a0\u00bb0&Prime; sticky_enabled=\u00a0\u00bb0&Prime;]<!-- Gridbuilder \u1d42\u1d3e Plugin (https:\/\/wpgridbuilder.com) -->\n<div class=\"wp-grid-builder wpgb-grid-2\" data-options=\"{&quot;id&quot;:2,&quot;type&quot;:&quot;masonry&quot;,&quot;source&quot;:&quot;post_type&quot;,&quot;loader&quot;:false,&quot;layout&quot;:&quot;vertical&quot;,&quot;reveal&quot;:0,&quot;isMainQuery&quot;:0,&quot;lazyLoad&quot;:false,&quot;cardSizes&quot;:{&quot;9999&quot;:{&quot;columns&quot;:3,&quot;height&quot;:240,&quot;gutter&quot;:16,&quot;ratio&quot;:&quot;1.33333&quot;},&quot;1280&quot;:{&quot;columns&quot;:3,&quot;height&quot;:220,&quot;gutter&quot;:16,&quot;ratio&quot;:&quot;1.33333&quot;},&quot;1024&quot;:{&quot;columns&quot;:2,&quot;height&quot;:200,&quot;gutter&quot;:16,&quot;ratio&quot;:&quot;1.33333&quot;},&quot;640&quot;:{&quot;columns&quot;:1,&quot;height&quot;:200,&quot;gutter&quot;:16,&quot;ratio&quot;:&quot;1.33333&quot;}},&quot;fitRows&quot;:false,&quot;equalRows&quot;:0,&quot;equalColumns&quot;:true,&quot;fillLastRow&quot;:0,&quot;centerLastRow&quot;:0,&quot;horizontalOrder&quot;:false,&quot;fullWidth&quot;:false,&quot;transitionDelay&quot;:100,&quot;gallerySlideshow&quot;:false,&quot;rowsNumber&quot;:1,&quot;slideAlign&quot;:&quot;left&quot;,&quot;groupCells&quot;:1,&quot;draggable&quot;:true,&quot;initialIndex&quot;:0,&quot;contain&quot;:false,&quot;freeScroll&quot;:false,&quot;freeFriction&quot;:&quot;0.075&quot;,&quot;friction&quot;:&quot;0.285&quot;,&quot;attraction&quot;:&quot;0.025&quot;,&quot;autoPlay&quot;:0,&quot;pageDotAriaLabel&quot;:&quot;Point de page %d&quot;,&quot;isPreview&quot;:false,&quot;isGutenberg&quot;:false,&quot;rightToLeft&quot;:false}\"><div class=\"wpgb-svg-icons\" hidden>\n\t<svg viewBox=\"0 0 120 24\" width=\"0\" height=\"0\">\n\t<defs>\n        <polygon id=\"wpgb-star-svg\" points=\"12 2.5 15.1 8.8 22 9.8 17 14.6 18.2 21.5 12 18.3 5.8 21.5 7 14.6 2 9.8 8.9 8.8\"><\/polygon>\n    <\/defs>\n    <symbol id=\"wpgb-rating-stars-svg\">\n        <use xlink:href=\"#wpgb-star-svg\"><\/use>\n        <use xlink:href=\"#wpgb-star-svg\" x=\"24\"><\/use>\n        <use xlink:href=\"#wpgb-star-svg\" x=\"48\"><\/use>\n        <use xlink:href=\"#wpgb-star-svg\" x=\"72\"><\/use>\n        <use xlink:href=\"#wpgb-star-svg\" x=\"96\"><\/use>\n    <\/symbol>\n<\/svg>\n<\/div>\n<div class=\"wpgb-wrapper\">\n\t<div class=\"wpgb-main\">\n\t<div class=\"wpgb-layout\">\n\t<div class=\"wpgb-viewport\">\n\t\t<div class=\"wpgb-masonry\">\n\t\t\t<article class=\"wpgb-card wpgb-card-1 wpgb-post-1447\" data-col=\"1\" data-row=\"1\" data-format=\"standard\"><div class=\"wpgb-card-wrapper\"><div class=\"wpgb-card-inner\" data-action><div class=\"wpgb-card-media wpgb-scheme-light\"><svg data-ratio style=\"padding-top:40%\" viewBox=\"0 0 5 2\" aria-hidden=\"true\"><\/svg><div class=\"wpgb-card-media-thumbnail\"><a href=\"https:\/\/page-project.eu\/wp-content\/uploads\/2026\/03\/image.jpg\" tabindex=\"-1\" class=\"wpgb-handle-lb wpgb-lightbox\" data-type=\"image\" data-rel=\"2\" data-title=\"image\" title=\"Agrandir la photo\"><div style=\"background-image:url(https:\/\/page-project.eu\/wp-content\/uploads\/2026\/03\/image-768x431.jpg)\"><\/div><noscript><img loading=\"lazy\" decoding=\"async\" class=\"wpgb-noscript-img\" src=\"https:\/\/page-project.eu\/wp-content\/uploads\/2026\/03\/image-768x431.jpg\" alt=\"\" height=\"431\" width=\"768\"><\/noscript><\/a><\/div><\/div><div class=\"wpgb-card-content wpgb-scheme-dark\"><div class=\"wpgb-card-body\"><time class=\"wpgb-block-2\" datetime=\"2026-03-25T14:22:16+02:00\">25\/03\/2026<\/time><h3 class=\"wpgb-block-1\">L\u2019architecture de la patience : concevoir un espace num\u00e9rique pour toutes et tous<\/h3><div class=\"wpgb-block-3\">Pour aller plus loin<\/div><\/div><\/div><a class=\"wpgb-card-layer-link\" aria-label=\"L\u2019architecture de la patience : concevoir un espace num\u00e9rique pour toutes et tous\" href=\"https:\/\/page-project.eu\/fr\/2026\/03\/larchitecture-de-la-patience-concevoir-un-espace-numerique-pour-toutes-et-tous\/\"><\/a><\/div><\/div><\/article><article class=\"wpgb-card wpgb-card-1 wpgb-post-1386\" data-col=\"1\" data-row=\"1\" data-format=\"standard\"><div class=\"wpgb-card-wrapper\"><div class=\"wpgb-card-inner\" data-action><div class=\"wpgb-card-media wpgb-scheme-light\"><svg data-ratio style=\"padding-top:40%\" viewBox=\"0 0 5 2\" aria-hidden=\"true\"><\/svg><div class=\"wpgb-card-media-thumbnail\"><a href=\"https:\/\/page-project.eu\/wp-content\/uploads\/2026\/01\/Page_IMG.png\" tabindex=\"-1\" class=\"wpgb-handle-lb wpgb-lightbox\" data-type=\"image\" data-rel=\"2\" data-title=\"Page_IMG\" title=\"Agrandir la photo\"><div style=\"background-image:url(https:\/\/page-project.eu\/wp-content\/uploads\/2026\/01\/Page_IMG-768x432.png)\"><\/div><noscript><img loading=\"lazy\" decoding=\"async\" class=\"wpgb-noscript-img\" src=\"https:\/\/page-project.eu\/wp-content\/uploads\/2026\/01\/Page_IMG-768x432.png\" alt=\"\" height=\"432\" width=\"768\"><\/noscript><\/a><\/div><\/div><div class=\"wpgb-card-content wpgb-scheme-dark\"><div class=\"wpgb-card-body\"><time class=\"wpgb-block-2\" datetime=\"2026-01-07T14:50:18+02:00\">07\/01\/2026<\/time><h3 class=\"wpgb-block-1\">De la technologie \u00e0 l&rsquo;inclusion : comment les outils num\u00e9riques rendent la lecture accessible \u00e0 tous<\/h3><div class=\"wpgb-block-3\">Pour aller plus loin<\/div><\/div><\/div><a class=\"wpgb-card-layer-link\" aria-label=\"De la technologie \u00e0 l&rsquo;inclusion : comment les outils num\u00e9riques rendent la lecture accessible \u00e0 tous\" href=\"https:\/\/page-project.eu\/fr\/2026\/01\/de-la-technologie-a-linclusion-comment-les-outils-numeriques-rendent-la-lecture-accessible-a-tous\/\"><\/a><\/div><\/div><\/article><article class=\"wpgb-card wpgb-card-1 wpgb-post-1002\" data-col=\"1\" data-row=\"1\" data-format=\"standard\"><div class=\"wpgb-card-wrapper\"><div class=\"wpgb-card-inner\" data-action><div class=\"wpgb-card-media wpgb-scheme-light\"><svg data-ratio style=\"padding-top:40%\" viewBox=\"0 0 5 2\" aria-hidden=\"true\"><\/svg><div class=\"wpgb-card-media-thumbnail\"><a href=\"https:\/\/page-project.eu\/wp-content\/uploads\/2025\/10\/aksinja-kermauner-knjiznica-brezice-4.jpg\" tabindex=\"-1\" class=\"wpgb-handle-lb wpgb-lightbox\" data-type=\"image\" data-rel=\"2\" data-title=\"aksinja-kermauner-knjiznica-brezice-4\" title=\"Agrandir la photo\"><div style=\"background-image:url(https:\/\/page-project.eu\/wp-content\/uploads\/2025\/10\/aksinja-kermauner-knjiznica-brezice-4-768x512.jpg)\"><\/div><noscript><img loading=\"lazy\" decoding=\"async\" class=\"wpgb-noscript-img\" src=\"https:\/\/page-project.eu\/wp-content\/uploads\/2025\/10\/aksinja-kermauner-knjiznica-brezice-4-768x512.jpg\" alt=\"\" height=\"512\" width=\"768\"><\/noscript><\/a><\/div><\/div><div class=\"wpgb-card-content wpgb-scheme-dark\"><div class=\"wpgb-card-body\"><time class=\"wpgb-block-2\" datetime=\"2025-10-30T12:09:45+02:00\">30\/10\/2025<\/time><h3 class=\"wpgb-block-1\">Comment les romans originaux en langage simplifi\u00e9 sont-ils cr\u00e9\u00e9s en Slov\u00e9nie ?<\/h3><div class=\"wpgb-block-3\">Pour aller plus loin<\/div><\/div><\/div><a class=\"wpgb-card-layer-link\" aria-label=\"Comment les romans originaux en langage simplifi\u00e9 sont-ils cr\u00e9\u00e9s en Slov\u00e9nie ?\" href=\"https:\/\/page-project.eu\/fr\/2025\/10\/comment-les-romans-originaux-en-langage-simplifie-sont-ils-crees-en-slovenie\/\"><\/a><\/div><\/div><\/article><article class=\"wpgb-card wpgb-card-1 wpgb-post-929\" data-col=\"1\" data-row=\"1\" data-format=\"standard\"><div class=\"wpgb-card-wrapper\"><div class=\"wpgb-card-inner\" data-action><div class=\"wpgb-card-media wpgb-scheme-light\"><svg data-ratio style=\"padding-top:40%\" viewBox=\"0 0 5 2\" aria-hidden=\"true\"><\/svg><div class=\"wpgb-card-media-thumbnail\"><a href=\"https:\/\/page-project.eu\/wp-content\/uploads\/2025\/07\/woman-holds-blank-white-speech-bubble-with-european-union-flag-isolated-grey-studio-background-news-information-channel-concept-scaled.jpg\" tabindex=\"-1\" class=\"wpgb-handle-lb wpgb-lightbox\" data-type=\"image\" data-rel=\"2\" data-title=\"woman holds blank white speech bubble with european union flag isolated over grey studio background. News information channel concept\" data-desc=\"woman holds blank white speech bubble with european union flag isolated over grey studio background. News information channel concept\" title=\"Agrandir la photo\"><div style=\"background-image:url(https:\/\/page-project.eu\/wp-content\/uploads\/2025\/07\/woman-holds-blank-white-speech-bubble-with-european-union-flag-isolated-grey-studio-background-news-information-channel-concept-768x512.jpg)\"><\/div><noscript><img loading=\"lazy\" decoding=\"async\" class=\"wpgb-noscript-img\" src=\"https:\/\/page-project.eu\/wp-content\/uploads\/2025\/07\/woman-holds-blank-white-speech-bubble-with-european-union-flag-isolated-grey-studio-background-news-information-channel-concept-768x512.jpg\" alt=\"\" height=\"512\" width=\"768\"><\/noscript><\/a><\/div><\/div><div class=\"wpgb-card-content wpgb-scheme-dark\"><div class=\"wpgb-card-body\"><time class=\"wpgb-block-2\" datetime=\"2025-07-09T12:48:27+02:00\">09\/07\/2025<\/time><h3 class=\"wpgb-block-1\">L\u2019\u00e9volution du langage clair dans les soci\u00e9t\u00e9s europ\u00e9ennes<\/h3><div class=\"wpgb-block-3\">Pour aller plus loin<\/div><\/div><\/div><a class=\"wpgb-card-layer-link\" aria-label=\"L\u2019\u00e9volution du langage clair dans les soci\u00e9t\u00e9s europ\u00e9ennes\" href=\"https:\/\/page-project.eu\/fr\/2025\/07\/levolution-du-langage-clair-dans-les-societes-europeennes\/\"><\/a><\/div><\/div><\/article><article class=\"wpgb-card wpgb-card-1 wpgb-post-879\" data-col=\"1\" data-row=\"1\" data-format=\"standard\"><div class=\"wpgb-card-wrapper\"><div class=\"wpgb-card-inner\" data-action><div class=\"wpgb-card-media wpgb-scheme-light\"><svg data-ratio style=\"padding-top:40%\" viewBox=\"0 0 5 2\" aria-hidden=\"true\"><\/svg><div class=\"wpgb-card-media-thumbnail\"><a href=\"https:\/\/page-project.eu\/wp-content\/uploads\/2025\/06\/5914ecd1-4ec8-4dcf-8997-d1c430c2542e-scaled.jpg\" tabindex=\"-1\" class=\"wpgb-handle-lb wpgb-lightbox\" data-type=\"image\" data-rel=\"2\" data-title=\"woman reading a book concept flat illustration\" data-desc=\"woman reading a book trending concept flat illustration\" title=\"Agrandir la photo\"><div style=\"background-image:url(https:\/\/page-project.eu\/wp-content\/uploads\/2025\/06\/5914ecd1-4ec8-4dcf-8997-d1c430c2542e-768x563.jpg)\"><\/div><noscript><img loading=\"lazy\" decoding=\"async\" class=\"wpgb-noscript-img\" src=\"https:\/\/page-project.eu\/wp-content\/uploads\/2025\/06\/5914ecd1-4ec8-4dcf-8997-d1c430c2542e-768x563.jpg\" alt=\"\" height=\"563\" width=\"768\"><\/noscript><\/a><\/div><\/div><div class=\"wpgb-card-content wpgb-scheme-dark\"><div class=\"wpgb-card-body\"><time class=\"wpgb-block-2\" datetime=\"2025-06-04T10:58:12+02:00\">04\/06\/2025<\/time><h3 class=\"wpgb-block-1\">Le concept de langue facile<\/h3><div class=\"wpgb-block-3\">Pour aller plus loin<\/div><\/div><\/div><a class=\"wpgb-card-layer-link\" aria-label=\"Le concept de langue facile\" href=\"https:\/\/page-project.eu\/fr\/2025\/06\/le-concept-de-langue-facile\/\"><\/a><\/div><\/div><\/article><article class=\"wpgb-card wpgb-card-1 wpgb-post-767\" data-col=\"1\" data-row=\"1\" data-format=\"standard\"><div class=\"wpgb-card-wrapper\"><div class=\"wpgb-card-inner\" data-action><div class=\"wpgb-card-media wpgb-scheme-light\"><svg data-ratio style=\"padding-top:40%\" viewBox=\"0 0 5 2\" aria-hidden=\"true\"><\/svg><div class=\"wpgb-card-media-thumbnail\"><a href=\"https:\/\/page-project.eu\/wp-content\/uploads\/2025\/03\/young-boy-reading-outside.jpg\" tabindex=\"-1\" class=\"wpgb-handle-lb wpgb-lightbox\" data-type=\"image\" data-rel=\"2\" data-title=\"young-boy-reading-outside\" title=\"Agrandir la photo\"><div style=\"background-image:url(https:\/\/page-project.eu\/wp-content\/uploads\/2025\/03\/young-boy-reading-outside-768x538.jpg)\"><\/div><noscript><img loading=\"lazy\" decoding=\"async\" class=\"wpgb-noscript-img\" src=\"https:\/\/page-project.eu\/wp-content\/uploads\/2025\/03\/young-boy-reading-outside-768x538.jpg\" alt=\"\" height=\"538\" width=\"768\"><\/noscript><\/a><\/div><\/div><div class=\"wpgb-card-content wpgb-scheme-dark\"><div class=\"wpgb-card-body\"><time class=\"wpgb-block-2\" datetime=\"2025-03-25T18:21:07+02:00\">25\/03\/2025<\/time><h3 class=\"wpgb-block-1\">La litt\u00e9rature en langue facile n&rsquo;est pas de la litt\u00e9rature de 2e classe<\/h3><div class=\"wpgb-block-3\">Pour aller plus loin<\/div><\/div><\/div><a class=\"wpgb-card-layer-link\" aria-label=\"La litt\u00e9rature en langue facile n&rsquo;est pas de la litt\u00e9rature de 2e classe\" href=\"https:\/\/page-project.eu\/fr\/2025\/03\/la-litterature-en-langue-facile-nest-pas-de-la-litterature-de-2e-classe\/\"><\/a><\/div><\/div><\/article><article class=\"wpgb-card wpgb-card-1 wpgb-post-765\" data-col=\"1\" data-row=\"1\" data-format=\"standard\"><div class=\"wpgb-card-wrapper\"><div class=\"wpgb-card-inner\" data-action><div class=\"wpgb-card-media wpgb-scheme-light\"><svg data-ratio style=\"padding-top:40%\" viewBox=\"0 0 5 2\" aria-hidden=\"true\"><\/svg><div class=\"wpgb-card-media-thumbnail\"><a href=\"https:\/\/page-project.eu\/wp-content\/uploads\/2025\/02\/european-flag.jpg\" tabindex=\"-1\" class=\"wpgb-handle-lb wpgb-lightbox\" data-type=\"image\" data-rel=\"2\" data-title=\"european-flag\" title=\"Agrandir la photo\"><div style=\"background-image:url(https:\/\/page-project.eu\/wp-content\/uploads\/2025\/02\/european-flag-768x512.jpg)\"><\/div><noscript><img loading=\"lazy\" decoding=\"async\" class=\"wpgb-noscript-img\" src=\"https:\/\/page-project.eu\/wp-content\/uploads\/2025\/02\/european-flag-768x512.jpg\" alt=\"\" height=\"512\" width=\"768\"><\/noscript><\/a><\/div><\/div><div class=\"wpgb-card-content wpgb-scheme-dark\"><div class=\"wpgb-card-body\"><time class=\"wpgb-block-2\" datetime=\"2025-02-20T11:44:56+02:00\">20\/02\/2025<\/time><h3 class=\"wpgb-block-1\">La loi europ\u00e9enne sur l&rsquo;accessibilit\u00e9 et son impact sur l&rsquo;\u00e9dition en Europe<\/h3><div class=\"wpgb-block-3\">Pour aller plus loin<\/div><\/div><\/div><a class=\"wpgb-card-layer-link\" aria-label=\"La loi europ\u00e9enne sur l&rsquo;accessibilit\u00e9 et son impact sur l&rsquo;\u00e9dition en Europe\" href=\"https:\/\/page-project.eu\/fr\/2025\/02\/la-loi-europeenne-sur-laccessibilite-et-son-impact-sur-ledition-en-europe\/\"><\/a><\/div><\/div><\/article><article class=\"wpgb-card wpgb-card-1 wpgb-post-516\" data-col=\"1\" data-row=\"1\" data-format=\"standard\"><div class=\"wpgb-card-wrapper\"><div class=\"wpgb-card-inner\" data-action><div class=\"wpgb-card-media wpgb-scheme-light\"><svg data-ratio style=\"padding-top:40%\" viewBox=\"0 0 5 2\" aria-hidden=\"true\"><\/svg><div class=\"wpgb-card-media-thumbnail\"><a href=\"https:\/\/page-project.eu\/wp-content\/uploads\/2025\/01\/landscape.jpg\" tabindex=\"-1\" class=\"wpgb-handle-lb wpgb-lightbox\" data-type=\"image\" data-rel=\"2\" data-title=\"landscape\" title=\"Agrandir la photo\"><div style=\"background-image:url(https:\/\/page-project.eu\/wp-content\/uploads\/2025\/01\/landscape-768x439.jpg)\"><\/div><noscript><img loading=\"lazy\" decoding=\"async\" class=\"wpgb-noscript-img\" src=\"https:\/\/page-project.eu\/wp-content\/uploads\/2025\/01\/landscape-768x439.jpg\" alt=\"\" height=\"439\" width=\"768\"><\/noscript><\/a><\/div><\/div><div class=\"wpgb-card-content wpgb-scheme-dark\"><div class=\"wpgb-card-body\"><time class=\"wpgb-block-2\" datetime=\"2024-11-30T12:17:16+02:00\">30\/11\/2024<\/time><h3 class=\"wpgb-block-1\">Lancement du projet PAGE : Combler le foss\u00e9 de l&rsquo;accessibilit\u00e9 dans l&rsquo;\u00e9dition europ\u00e9enne<\/h3><div class=\"wpgb-block-3\">Pour aller plus loin<\/div><\/div><\/div><a class=\"wpgb-card-layer-link\" aria-label=\"Lancement du projet PAGE : Combler le foss\u00e9 de l&rsquo;accessibilit\u00e9 dans l&rsquo;\u00e9dition europ\u00e9enne\" href=\"https:\/\/page-project.eu\/fr\/2024\/11\/lancement-du-projet-page-combler-le-fosse-de-laccessibilite-dans-ledition-europeenne\/\"><\/a><\/div><\/div><\/article>\t\t<\/div>\n\t<\/div>\n\t<\/div>\n\t<\/div>\n\t\t<\/div>\n<\/div>\n[\/et_pb_code][\/et_pb_column][\/et_pb_row][\/et_pb_section]<\/p>\n","protected":false},"excerpt":{"rendered":"<p>[et_pb_section fb_built=\u00a0\u00bb1&Prime; theme_builder_area=\u00a0\u00bbpost_content\u00a0\u00bb _builder_version=\u00a0\u00bb4.27.4&Prime; _module_preset=\u00a0\u00bbdefault\u00a0\u00bb][et_pb_row _builder_version=\u00a0\u00bb4.27.4&Prime; _module_preset=\u00a0\u00bbdefault\u00a0\u00bb theme_builder_area=\u00a0\u00bbpost_content\u00a0\u00bb][et_pb_column _builder_version=\u00a0\u00bb4.27.4&Prime; _module_preset=\u00a0\u00bbdefault\u00a0\u00bb type=\u00a0\u00bb4_4&Prime; theme_builder_area=\u00a0\u00bbpost_content\u00a0\u00bb][et_pb_post_title _builder_version=\u00a0\u00bb4.27.4&Prime; _module_preset=\u00a0\u00bbdefault\u00a0\u00bb theme_builder_area=\u00a0\u00bbpost_content\u00a0\u00bb hover_enabled=\u00a0\u00bb0&Prime; sticky_enabled=\u00a0\u00bb0&Prime;][\/et_pb_post_title][et_pb_code _builder_version=\u00a0\u00bb4.27.4&Prime; _module_preset=\u00a0\u00bbdefault\u00a0\u00bb theme_builder_area=\u00a0\u00bbpost_content\u00a0\u00bb hover_enabled=\u00a0\u00bb0&Prime; sticky_enabled=\u00a0\u00bb0&Prime;][\/et_pb_code][\/et_pb_column][\/et_pb_row][\/et_pb_section]<\/p>\n","protected":false},"author":1,"featured_media":0,"parent":0,"menu_order":0,"comment_status":"closed","ping_status":"closed","template":"","meta":{"_et_pb_use_builder":"on","_et_pb_old_content":"","_et_gb_content_width":"","footnotes":""},"class_list":["post-502","page","type-page","status-publish","hentry"],"_links":{"self":[{"href":"https:\/\/page-project.eu\/fr\/wp-json\/wp\/v2\/pages\/502","targetHints":{"allow":["GET"]}}],"collection":[{"href":"https:\/\/page-project.eu\/fr\/wp-json\/wp\/v2\/pages"}],"about":[{"href":"https:\/\/page-project.eu\/fr\/wp-json\/wp\/v2\/types\/page"}],"author":[{"embeddable":true,"href":"https:\/\/page-project.eu\/fr\/wp-json\/wp\/v2\/users\/1"}],"replies":[{"embeddable":true,"href":"https:\/\/page-project.eu\/fr\/wp-json\/wp\/v2\/comments?post=502"}],"version-history":[{"count":3,"href":"https:\/\/page-project.eu\/fr\/wp-json\/wp\/v2\/pages\/502\/revisions"}],"predecessor-version":[{"id":505,"href":"https:\/\/page-project.eu\/fr\/wp-json\/wp\/v2\/pages\/502\/revisions\/505"}],"wp:attachment":[{"href":"https:\/\/page-project.eu\/fr\/wp-json\/wp\/v2\/media?parent=502"}],"curies":[{"name":"wp","href":"https:\/\/api.w.org\/{rel}","templated":true}]}}