{"id":1189,"date":"2025-11-12T12:21:05","date_gmt":"2025-11-12T10:21:05","guid":{"rendered":"https:\/\/page-project.eu\/appel-a-textes\/"},"modified":"2026-02-20T11:33:24","modified_gmt":"2026-02-20T09:33:24","slug":"appel-a-textes","status":"publish","type":"page","link":"https:\/\/page-project.eu\/fr\/appel-a-textes\/","title":{"rendered":"Appel \u00e0 textes"},"content":{"rendered":"<p>[et_pb_section fb_built=\u00a0\u00bb1&Prime; module_class=\u00a0\u00bbcontest__header\u00a0\u00bb _builder_version=\u00a0\u00bb4.27.4&Prime; _module_preset=\u00a0\u00bbdefault\u00a0\u00bb background_image=\u00a0\u00bbhttps:\/\/page-project.eu\/wp-content\/uploads\/2025\/01\/landscape.jpg\u00a0\u00bb background_position=\u00a0\u00bbtop_center\u00a0\u00bb background_vertical_offset=\u00a0\u00bb20%\u00a0\u00bb overflow-x=\u00a0\u00bbhidden\u00a0\u00bb overflow-y=\u00a0\u00bbhidden\u00a0\u00bb custom_padding=\u00a0\u00bb0px||0px||true|false\u00a0\u00bb global_colors_info=\u00a0\u00bb{}\u00a0\u00bb][et_pb_row make_equal=\u00a0\u00bbon\u00a0\u00bb _builder_version=\u00a0\u00bb4.27.4&Prime; _module_preset=\u00a0\u00bbdefault\u00a0\u00bb max_width=\u00a0\u00bb700px\u00a0\u00bb min_height=\u00a0\u00bb60vh\u00a0\u00bb global_colors_info=\u00a0\u00bb{}\u00a0\u00bb][et_pb_column type=\u00a0\u00bb4_4&Prime; _builder_version=\u00a0\u00bb4.27.4&Prime; _module_preset=\u00a0\u00bbdefault\u00a0\u00bb global_colors_info=\u00a0\u00bb{}\u00a0\u00bb][et_pb_text _builder_version=\u00a0\u00bb4.27.4&Prime; _module_preset=\u00a0\u00bbdefault\u00a0\u00bb header_font_size=\u00a0\u00bb4rem\u00a0\u00bb text_orientation=\u00a0\u00bbcenter\u00a0\u00bb custom_css_free_form=\u00a0\u00bb.contest__title span {||  background-color: #FFB4FA;||  border-radius: 10px;||  padding: 0 12px;||}\u00a0\u00bb global_colors_info=\u00a0\u00bb{}\u00a0\u00bb]<\/p>\n<h1 class=\"contest__title\">Appel \u00e0<br \/>\n<span>textes<\/span><\/h1>\n<p>[\/et_pb_text][et_pb_code _builder_version=\u00a0\u00bb4.27.4&Prime; _module_preset=\u00a0\u00bbdefault\u00a0\u00bb background_image=\u00a0\u00bbhttps:\/\/page-project.eu\/wp-content\/uploads\/2025\/11\/book.png\u00a0\u00bb transform_rotate=\u00a0\u00bb0deg|0deg|-10deg\u00a0\u00bb positioning=\u00a0\u00bbabsolute\u00a0\u00bb vertical_offset=\u00a0\u00bb-580px\u00a0\u00bb horizontal_offset=\u00a0\u00bb450px\u00a0\u00bb width=\u00a0\u00bb900px\u00a0\u00bb height=\u00a0\u00bb597px\u00a0\u00bb global_colors_info=\u00a0\u00bb{}\u00a0\u00bb][\/et_pb_code][et_pb_code _builder_version=\u00a0\u00bb4.27.4&Prime; _module_preset=\u00a0\u00bbdefault\u00a0\u00bb background_image=\u00a0\u00bbhttps:\/\/page-project.eu\/wp-content\/uploads\/2025\/11\/book.png\u00a0\u00bb transform_rotate=\u00a0\u00bb0deg|0deg|20deg\u00a0\u00bb positioning=\u00a0\u00bbabsolute\u00a0\u00bb position_origin_a=\u00a0\u00bbtop_right\u00a0\u00bb vertical_offset=\u00a0\u00bb-580px\u00a0\u00bb horizontal_offset=\u00a0\u00bb450px\u00a0\u00bb width=\u00a0\u00bb900px\u00a0\u00bb height=\u00a0\u00bb597px\u00a0\u00bb global_colors_info=\u00a0\u00bb{}\u00a0\u00bb][\/et_pb_code][et_pb_code _builder_version=\u00a0\u00bb4.27.4&Prime; _module_preset=\u00a0\u00bbdefault\u00a0\u00bb background_image=\u00a0\u00bbhttps:\/\/page-project.eu\/wp-content\/uploads\/2025\/11\/polygon.png\u00a0\u00bb background_size=\u00a0\u00bbcontain\u00a0\u00bb transform_rotate=\u00a0\u00bb0deg|0deg|10deg\u00a0\u00bb positioning=\u00a0\u00bbabsolute\u00a0\u00bb position_origin_a=\u00a0\u00bbtop_right\u00a0\u00bb horizontal_offset=\u00a0\u00bb700px\u00a0\u00bb width=\u00a0\u00bb160px\u00a0\u00bb height=\u00a0\u00bb160px\u00a0\u00bb global_colors_info=\u00a0\u00bb{}\u00a0\u00bb][\/et_pb_code][\/et_pb_column][\/et_pb_row][\/et_pb_section][et_pb_section fb_built=\u00a0\u00bb1&Prime; _builder_version=\u00a0\u00bb4.27.4&Prime; _module_preset=\u00a0\u00bbdefault\u00a0\u00bb background_color=\u00a0\u00bb#FFFFE0&Prime; custom_padding=\u00a0\u00bb0px||||false|false\u00a0\u00bb global_colors_info=\u00a0\u00bb{}\u00a0\u00bb][et_pb_row _builder_version=\u00a0\u00bb4.27.4&Prime; _module_preset=\u00a0\u00bbdefault\u00a0\u00bb max_width=\u00a0\u00bb700px\u00a0\u00bb global_colors_info=\u00a0\u00bb{}\u00a0\u00bb][et_pb_column type=\u00a0\u00bb4_4&Prime; _builder_version=\u00a0\u00bb4.27.4&Prime; _module_preset=\u00a0\u00bbdefault\u00a0\u00bb global_colors_info=\u00a0\u00bb{}\u00a0\u00bb][et_pb_text _builder_version=\u00a0\u00bb4.27.4&Prime; _module_preset=\u00a0\u00bbdefault\u00a0\u00bb global_colors_info=\u00a0\u00bb{}\u00a0\u00bb]<\/p>\n<p class=\"p1\"><span style=\"color: #000000;\"><strong>PAGE lance le premier concours litt\u00e9raire international afin de promouvoir la litt\u00e9rature accessible aux jeunes adultes atteints de troubles ou de handicaps cognitifs.<\/strong><\/span><\/p>\n<p class=\"p1\"><span style=\"color: #000000;\">En Europe, les livres accessibles aux adolescents et aux jeunes adultes atteints d\u2019un handicap cognitif restent extr\u00eamement rares. Si le secteur de l&rsquo;\u00e9dition avance en mati\u00e8re d&rsquo;accessibilit\u00e9 pour les livres jeunesse, tr\u00e8s peu de titres sont disponibles pour les lecteurs plus \u00e2g\u00e9s qui ont besoin de textes adapt\u00e9s sur le plan cognitif. <\/span><\/p>\n<p class=\"p1\"><span style=\"color: #000000;\">PAGE cherche \u00e0 changer cette situation en aidant les auteurs, les \u00e9ducateurs et les \u00e9diteurs \u00e0 cr\u00e9er des histoires qui allient qualit\u00e9 litt\u00e9raire, profondeur \u00e9motionnelle et accessibilit\u00e9 cognitive.<\/span><\/p>\n<h2>\u00c0 propos de l&rsquo;appel \u00e0 textes<\/h2>\n<p class=\"p1\">Le concours litt\u00e9raire PAGE est ouvert \u00e0 toutes et tous. Les participants peuvent soumettre des nouvelles r\u00e9dig\u00e9es en facile \u00e0 lire et \u00e0 comprendre, dans l&rsquo;une des langues partenaires (italien, fran\u00e7ais, slov\u00e8ne, croate ou portugais). <\/p>\n<p class=\"p1\">Un jury compos\u00e9 d&rsquo;un \u00e9diteur, d&rsquo;un expert en facile \u00e0 lire et \u00e0 comprendre, d&rsquo;un sp\u00e9cialiste de l&rsquo;inclusion et d&rsquo;un repr\u00e9sentant du groupe cible s\u00e9lectionnera l\u2019histoire gagnante dans chaque langue du projet.<\/p>\n<p class=\"p1\">Les oeuvres s\u00e9lectionn\u00e9es seront publi\u00e9es dans l&rsquo;application PAGE, imprim\u00e9es en \u00e9dition physique limit\u00e9e dans les langues partenaires et en anglais et promues au niveau de l&rsquo;Union europ\u00e9enne par le biais d&rsquo;\u00e9v\u00e9nements, de pr\u00e9sentations et de vcampagnes de communication.<\/p>\n<p>[\/et_pb_text][et_pb_button button_url=\u00a0\u00bbhttps:\/\/page-project.eu\/wp-content\/uploads\/2025\/11\/PAGE_Concours_CR_A4.pdf\u00a0\u00bb url_new_window=\u00a0\u00bbon\u00a0\u00bb button_text=\u00a0\u00bbT\u00e9l\u00e9charger le communiqu\u00e9 de presse\u00a0\u00bb button_alignment=\u00a0\u00bbleft\u00a0\u00bb _builder_version=\u00a0\u00bb4.27.4&Prime; _module_preset=\u00a0\u00bbdefault\u00a0\u00bb global_colors_info=\u00a0\u00bb{}\u00a0\u00bb][\/et_pb_button][et_pb_text _builder_version=\u00a0\u00bb4.27.4&Prime; _module_preset=\u00a0\u00bbdefault\u00a0\u00bb global_colors_info=\u00a0\u00bb{}\u00a0\u00bb]<\/p>\n<h2>Qui peut participer ?<\/h2>\n<p>L&rsquo;appel est ouvert : <\/p>\n<ul>\n<li>Aux auteurs et co-auteurs <strong>d&rsquo;Italie, de France, de Croatie, du Portugal et de Slov\u00e9nie.<\/strong><\/li>\n<li>\u00c9crivains, \u00e9ducateurs ou professionnels cr\u00e9atifs int\u00e9ress\u00e9s par la narration inclusive.<\/li>\n<li>Dans le cas de mineurs, les candidatures doivent \u00eatre accompagn\u00e9es d&rsquo;une autorisation sign\u00e9e par un parent ou un tuteur l\u00e9gal, donnant son consentement \u00e0 la participation \u00e0 l&rsquo;appel \u00e0 projet PAGE.<\/li>\n<\/ul>\n<p>L&rsquo;histoire doit \u00eatre comprise entre 10 000 et 18 000 caract\u00e8res, espaces compris, r\u00e9dig\u00e9es en langage clair.<\/p>\n<p>Les soumissions sont accept\u00e9es dans les langues partenaires (italien, fran\u00e7ais, slov\u00e8ne, croate et portugais).<\/p>\n<p>[\/et_pb_text][et_pb_text _builder_version=\u00a0\u00bb4.27.4&Prime; _module_preset=\u00a0\u00bbdefault\u00a0\u00bb global_colors_info=\u00a0\u00bb{}\u00a0\u00bb]<\/p>\n<h2>Dates cl\u00e9s<\/h2>\n<ul>\n<li>Ouverture de l&rsquo;appel: <strong>1er d\u00e9cembre 2025<\/strong><\/li>\n<li>Cl\u00f4ture de l&rsquo;appel: le <strong>31 mai 2026<\/strong><\/li>\n<li>Annonce des laur\u00e9ats: <strong>juin 2026<\/strong><\/li>\n<\/ul>\n<p>Vous trouverez le r\u00e8glement complet et les crit\u00e8res d&rsquo;\u00e9ligibilit\u00e9 sur le site web de PAGE et dans les appels nationaux officiels publi\u00e9s par chaque organisation partenaire.<\/p>\n<p>[\/et_pb_text][et_pb_text _builder_version=\u00a0\u00bb4.27.4&Prime; _module_preset=\u00a0\u00bbdefault\u00a0\u00bb global_colors_info=\u00a0\u00bb{}\u00a0\u00bb]<\/p>\n<h2>Pourquoi ce concours est-il important ?<\/h2>\n<p>La litt\u00e9rature accessible aide les jeunes atteints d&rsquo;un handicap intellectuel \u00e0 d\u00e9velopper leur cr\u00e9ativit\u00e9, \u00e0 nouer des liens avec les autres et \u00e0 acc\u00e9der \u00e0 la culture de mani\u00e8re plus \u00e9galitaire.<\/p>\n<p>\u00c0 travers ce concours, PAGE cherche \u00e0 cr\u00e9er une <strong>communaut\u00e9 europ\u00e9enne d&rsquo;auteurs inclusifs<\/strong> et \u00e0 <strong>inspirer de nouvelles pratiques \u00e9ditoriales<\/strong> qui rendent les livres v\u00e9ritablement accessibles \u00e0 tous.<\/p>\n<p>[\/et_pb_text][et_pb_text _builder_version=\u00a0\u00bb4.27.4&Prime; _module_preset=\u00a0\u00bbdefault\u00a0\u00bb global_colors_info=\u00a0\u00bb{}\u00a0\u00bb]<\/p>\n<h2>Comment participer ?<\/h2>\n<p>Lisez le r\u00e8glement complet du concours et les crit\u00e8res d&rsquo;admissibilit\u00e9.<\/p>\n<p>[\/et_pb_text][et_pb_button button_url=\u00a0\u00bbhttps:\/\/page-project.eu\/wp-content\/uploads\/2025\/11\/Reglement-du-concours-litteraire-international-PAGE_FR.pdf\u00a0\u00bb url_new_window=\u00a0\u00bbon\u00a0\u00bb button_text=\u00a0\u00bbR\u00e8glement\u00a0\u00bb button_alignment=\u00a0\u00bbleft\u00a0\u00bb disabled_on=\u00a0\u00bboff|off|off\u00a0\u00bb _builder_version=\u00a0\u00bb4.27.4&Prime; _module_preset=\u00a0\u00bbdefault\u00a0\u00bb global_colors_info=\u00a0\u00bb{}\u00a0\u00bb][\/et_pb_button][et_pb_text _builder_version=\u00a0\u00bb4.27.4&Prime; _module_preset=\u00a0\u00bbdefault\u00a0\u00bb global_colors_info=\u00a0\u00bb{}\u00a0\u00bb]<\/p>\n<p>Pr\u00e9parez votre manuscrit au format .docx ou .pdf (1 600 \u00e0 3 000 mots).<\/p>\n<p>Soumettez votre histoire via le contact mail ci-dessous.<\/p>\n<p>[\/et_pb_text][\/et_pb_column][\/et_pb_row][et_pb_row use_custom_gutter=\u00a0\u00bbon\u00a0\u00bb gutter_width=\u00a0\u00bb2&Prime; disabled_on=\u00a0\u00bboff|off|off\u00a0\u00bb _builder_version=\u00a0\u00bb4.27.4&Prime; _module_preset=\u00a0\u00bbdefault\u00a0\u00bb max_width=\u00a0\u00bb700px\u00a0\u00bb custom_padding=\u00a0\u00bb0px||||false|false\u00a0\u00bb global_colors_info=\u00a0\u00bb{}\u00a0\u00bb][et_pb_column type=\u00a0\u00bb4_4&Prime; _builder_version=\u00a0\u00bb4.27.4&Prime; _module_preset=\u00a0\u00bbdefault\u00a0\u00bb global_colors_info=\u00a0\u00bb{}\u00a0\u00bb][et_pb_button button_url=\u00a0\u00bbmailto:page@lesapprimeurs.com\u00a0\u00bb button_text=\u00a0\u00bbSoumettre mon manuscrit en fran\u00e7ais\u00a0\u00bb button_alignment=\u00a0\u00bbleft\u00a0\u00bb disabled_on=\u00a0\u00bboff|off|off\u00a0\u00bb _builder_version=\u00a0\u00bb4.27.4&Prime; _module_preset=\u00a0\u00bbdefault\u00a0\u00bb global_colors_info=\u00a0\u00bb{}\u00a0\u00bb][\/et_pb_button][et_pb_button button_url=\u00a0\u00bbmailto:pageproject@trintaporumalinha.com\u00a0\u00bb button_text=\u00a0\u00bbSoumettre mon manuscrit en portugais\u00a0\u00bb button_alignment=\u00a0\u00bbleft\u00a0\u00bb disabled_on=\u00a0\u00bboff|off|off\u00a0\u00bb _builder_version=\u00a0\u00bb4.27.4&Prime; _module_preset=\u00a0\u00bbdefault\u00a0\u00bb global_colors_info=\u00a0\u00bb{}\u00a0\u00bb][\/et_pb_button][et_pb_button button_url=\u00a0\u00bbmailto:pageprojectcall@yelo.hr\u00a0\u00bb button_text=\u00a0\u00bbSoumettre mon manuscrit en croate\u00a0\u00bb button_alignment=\u00a0\u00bbleft\u00a0\u00bb disabled_on=\u00a0\u00bboff|off|off\u00a0\u00bb _builder_version=\u00a0\u00bb4.27.4&Prime; _module_preset=\u00a0\u00bbdefault\u00a0\u00bb global_colors_info=\u00a0\u00bb{}\u00a0\u00bb][\/et_pb_button][et_pb_button button_url=\u00a0\u00bbmailto:pageproject@controventocatania.it\u00a0\u00bb button_text=\u00a0\u00bbSubmit your manuscript in Italian\u00a0\u00bb button_alignment=\u00a0\u00bbleft\u00a0\u00bb disabled_on=\u00a0\u00bboff|off|off\u00a0\u00bb _builder_version=\u00a0\u00bb4.27.4&Prime; _module_preset=\u00a0\u00bbdefault\u00a0\u00bb hover_enabled=\u00a0\u00bb0&Prime; global_colors_info=\u00a0\u00bb{}\u00a0\u00bb sticky_enabled=\u00a0\u00bb0&Prime;][\/et_pb_button][et_pb_button button_url=\u00a0\u00bbmailto:page@risa.si\u00a0\u00bb button_text=\u00a0\u00bbSubmit your manuscript in Slovenian\u00a0\u00bb button_alignment=\u00a0\u00bbleft\u00a0\u00bb disabled_on=\u00a0\u00bboff|off|off\u00a0\u00bb _builder_version=\u00a0\u00bb4.27.4&Prime; _module_preset=\u00a0\u00bbdefault\u00a0\u00bb hover_enabled=\u00a0\u00bb0&Prime; global_colors_info=\u00a0\u00bb{}\u00a0\u00bb sticky_enabled=\u00a0\u00bb0&Prime;][\/et_pb_button][\/et_pb_column][\/et_pb_row][et_pb_row _builder_version=\u00a0\u00bb4.27.4&Prime; _module_preset=\u00a0\u00bbdefault\u00a0\u00bb max_width=\u00a0\u00bb700px\u00a0\u00bb custom_padding=\u00a0\u00bb0px||||false|false\u00a0\u00bb global_colors_info=\u00a0\u00bb{}\u00a0\u00bb][et_pb_column type=\u00a0\u00bb4_4&Prime; _builder_version=\u00a0\u00bb4.27.4&Prime; _module_preset=\u00a0\u00bbdefault\u00a0\u00bb global_colors_info=\u00a0\u00bb{}\u00a0\u00bb][et_pb_text _builder_version=\u00a0\u00bb4.27.4&Prime; _module_preset=\u00a0\u00bbdefault\u00a0\u00bb global_colors_info=\u00a0\u00bb{}\u00a0\u00bb]<\/p>\n<h2>\u00c0 propos du projet PAGE<\/h2>\n<p>PAGE (Projet pour l&rsquo;avancement de l&rsquo;accessibilit\u00e9 cognitive dans l&rsquo;\u00e9dition) est un projet de coop\u00e9ration europ\u00e9en d\u00e9di\u00e9 \u00e0 la promotion d&rsquo;une litt\u00e9rature accessible et inclusive pour les jeunes lecteurs.<\/p>\n<p>Gr\u00e2ce \u00e0 la recherche, aux r\u00e9sidences cr\u00e9atives, \u00e0 la formation et \u00e0 l&rsquo;innovation num\u00e9rique, PAGE aide les auteurs et les \u00e9diteurs \u00e0 cr\u00e9er des histoires sans barri\u00e8res, des histoires que tout le monde peut lire, ressentir et imaginer.<\/p>\n<p>\ud83d\udc49 Suivez PAGE sur Instagram, LinkedIn et Facebook en utilisant le hashtag #pageprojectcall<\/p>\n<p><strong>Ensemble, rendons la litt\u00e9rature accessible \u00e0 tous !<\/strong><\/p>\n<p>&nbsp;<\/p>\n<p>[\/et_pb_text][\/et_pb_column][\/et_pb_row][\/et_pb_section]<\/p>\n","protected":false},"excerpt":{"rendered":"<p>Appel \u00e0 textesPAGE lance le premier concours litt\u00e9raire international afin de promouvoir la litt\u00e9rature accessible aux jeunes adultes atteints de troubles ou de handicaps cognitifs. En Europe, les livres accessibles aux adolescents et aux jeunes adultes atteints d\u2019un handicap cognitif restent extr\u00eamement rares. Si le secteur de l&rsquo;\u00e9dition avance en mati\u00e8re d&rsquo;accessibilit\u00e9 pour les livres [&hellip;]<\/p>\n","protected":false},"author":1,"featured_media":0,"parent":0,"menu_order":0,"comment_status":"closed","ping_status":"closed","template":"","meta":{"_et_pb_use_builder":"on","_et_pb_old_content":"","_et_gb_content_width":"","footnotes":""},"class_list":["post-1189","page","type-page","status-publish","hentry"],"_links":{"self":[{"href":"https:\/\/page-project.eu\/fr\/wp-json\/wp\/v2\/pages\/1189","targetHints":{"allow":["GET"]}}],"collection":[{"href":"https:\/\/page-project.eu\/fr\/wp-json\/wp\/v2\/pages"}],"about":[{"href":"https:\/\/page-project.eu\/fr\/wp-json\/wp\/v2\/types\/page"}],"author":[{"embeddable":true,"href":"https:\/\/page-project.eu\/fr\/wp-json\/wp\/v2\/users\/1"}],"replies":[{"embeddable":true,"href":"https:\/\/page-project.eu\/fr\/wp-json\/wp\/v2\/comments?post=1189"}],"version-history":[{"count":33,"href":"https:\/\/page-project.eu\/fr\/wp-json\/wp\/v2\/pages\/1189\/revisions"}],"predecessor-version":[{"id":1433,"href":"https:\/\/page-project.eu\/fr\/wp-json\/wp\/v2\/pages\/1189\/revisions\/1433"}],"wp:attachment":[{"href":"https:\/\/page-project.eu\/fr\/wp-json\/wp\/v2\/media?parent=1189"}],"curies":[{"name":"wp","href":"https:\/\/api.w.org\/{rel}","templated":true}]}}